{"id":997,"date":"2020-01-22T01:47:19","date_gmt":"2020-01-21T16:47:19","guid":{"rendered":"https:\/\/zahnggiljah.com\/about-index\/about\/"},"modified":"2022-10-28T14:22:29","modified_gmt":"2022-10-28T05:22:29","slug":"about","status":"publish","type":"page","link":"https:\/\/zahnggiljah.com\/vi\/about\/","title":{"rendered":"Gi\u1edbi thi\u1ec7u"},"content":{"rendered":"","protected":false},"excerpt":{"rendered":"","protected":false},"author":12,"featured_media":2423,"parent":994,"menu_order":1,"comment_status":"closed","ping_status":"closed","template":"","meta":{"footnotes":""},"class_list":["post-997","page","type-page","status-publish","has-post-thumbnail","hentry"],"yoast_head":"<!-- This site is optimized with the Yoast SEO plugin v25.1 - https:\/\/yoast.com\/wordpress\/plugins\/seo\/ -->\n<title>Gi\u1edbi thi\u1ec7u - Ch\u1ee7 t\u1ecbch danh d\u1ef1 Zahng Gil Jah<\/title>\n<meta name=\"description\" content=\"Ch\u1ee7 t\u1ecbch danh d\u1ef1 Zahng Gil Jah - nh\u00e0 s\u00e1ng l\u1eadp Qu\u1ef9 WeLoveU Qu\u1ed1c t\u1ebf, l\u00e0 nh\u00e0 ho\u1ea1t \u0111\u1ed9ng ch\u1ee7 ngh\u0129a nh\u00e2n \u0111\u1ea1o g\u1eafng s\u1ee9c th\u1ef1c hi\u1ec7n h\u00f2a b\u00ecnh v\u00e0 ph\u00fac l\u1ee3i lo\u00e0i ng\u01b0\u1eddi b\u1eb1ng t\u1ea5m l\u00f2ng c\u1ee7a m\u1eb9.\" \/>\n<meta name=\"robots\" content=\"index, follow, max-snippet:-1, max-image-preview:large, max-video-preview:-1\" \/>\n<link rel=\"canonical\" href=\"https:\/\/zahnggiljah.com\/vi\/about\/\" \/>\n<meta property=\"og:locale\" content=\"vi_VN\" \/>\n<meta property=\"og:type\" content=\"article\" \/>\n<meta property=\"og:title\" content=\"Gi\u1edbi thi\u1ec7u - Ch\u1ee7 t\u1ecbch danh d\u1ef1 Zahng Gil Jah\" \/>\n<meta property=\"og:description\" content=\"Ch\u1ee7 t\u1ecbch danh d\u1ef1 Zahng Gil Jah - nh\u00e0 s\u00e1ng l\u1eadp Qu\u1ef9 WeLoveU Qu\u1ed1c t\u1ebf, l\u00e0 nh\u00e0 ho\u1ea1t \u0111\u1ed9ng ch\u1ee7 ngh\u0129a nh\u00e2n \u0111\u1ea1o g\u1eafng s\u1ee9c th\u1ef1c hi\u1ec7n h\u00f2a b\u00ecnh v\u00e0 ph\u00fac l\u1ee3i lo\u00e0i ng\u01b0\u1eddi b\u1eb1ng t\u1ea5m l\u00f2ng c\u1ee7a m\u1eb9.\" \/>\n<meta property=\"og:url\" content=\"https:\/\/zahnggiljah.com\/vi\/about\/\" \/>\n<meta property=\"og:site_name\" content=\"Ch\u1ee7 t\u1ecbch danh d\u1ef1 Zahng Gil Jah\" \/>\n<meta property=\"article:modified_time\" content=\"2022-10-28T05:22:29+00:00\" \/>\n<meta property=\"og:image\" content=\"https:\/\/zahnggiljah.com\/wp-content\/uploads\/2020\/10\/Zahng-Gil-jah-chairwoman.jpg\" \/>\n\t<meta property=\"og:image:width\" content=\"1032\" \/>\n\t<meta property=\"og:image:height\" content=\"1256\" \/>\n\t<meta property=\"og:image:type\" content=\"image\/jpeg\" \/>\n<meta name=\"twitter:card\" content=\"summary_large_image\" \/>\n<script type=\"application\/ld+json\" class=\"yoast-schema-graph\">{\"@context\":\"https:\/\/schema.org\",\"@graph\":[{\"@type\":\"WebPage\",\"@id\":\"https:\/\/zahnggiljah.com\/vi\/about\/\",\"url\":\"https:\/\/zahnggiljah.com\/vi\/about\/\",\"name\":\"Gi\u1edbi thi\u1ec7u - Ch\u1ee7 t\u1ecbch danh d\u1ef1 Zahng Gil Jah\",\"isPartOf\":{\"@id\":\"https:\/\/zahnggiljah.com\/vi\/#website\"},\"primaryImageOfPage\":{\"@id\":\"https:\/\/zahnggiljah.com\/vi\/about\/#primaryimage\"},\"image\":{\"@id\":\"https:\/\/zahnggiljah.com\/vi\/about\/#primaryimage\"},\"thumbnailUrl\":\"https:\/\/zahnggiljah.com\/wp-content\/uploads\/2020\/10\/Zahng-Gil-jah-chairwoman.jpg\",\"datePublished\":\"2020-01-21T16:47:19+00:00\",\"dateModified\":\"2022-10-28T05:22:29+00:00\",\"description\":\"Ch\u1ee7 t\u1ecbch danh d\u1ef1 Zahng Gil Jah - nh\u00e0 s\u00e1ng l\u1eadp Qu\u1ef9 WeLoveU Qu\u1ed1c t\u1ebf, l\u00e0 nh\u00e0 ho\u1ea1t \u0111\u1ed9ng ch\u1ee7 ngh\u0129a nh\u00e2n \u0111\u1ea1o g\u1eafng s\u1ee9c th\u1ef1c hi\u1ec7n h\u00f2a b\u00ecnh v\u00e0 ph\u00fac l\u1ee3i lo\u00e0i ng\u01b0\u1eddi b\u1eb1ng t\u1ea5m l\u00f2ng c\u1ee7a m\u1eb9.\",\"breadcrumb\":{\"@id\":\"https:\/\/zahnggiljah.com\/vi\/about\/#breadcrumb\"},\"inLanguage\":\"vi-VN\",\"potentialAction\":[{\"@type\":\"ReadAction\",\"target\":[\"https:\/\/zahnggiljah.com\/vi\/about\/\"]}]},{\"@type\":\"ImageObject\",\"inLanguage\":\"vi-VN\",\"@id\":\"https:\/\/zahnggiljah.com\/vi\/about\/#primaryimage\",\"url\":\"https:\/\/zahnggiljah.com\/wp-content\/uploads\/2020\/10\/Zahng-Gil-jah-chairwoman.jpg\",\"contentUrl\":\"https:\/\/zahnggiljah.com\/wp-content\/uploads\/2020\/10\/Zahng-Gil-jah-chairwoman.jpg\",\"width\":1032,\"height\":1256,\"caption\":\"\uc7a5\uae38\uc790 \uba85\uc608\ud68c\uc7a5\"},{\"@type\":\"BreadcrumbList\",\"@id\":\"https:\/\/zahnggiljah.com\/vi\/about\/#breadcrumb\",\"itemListElement\":[{\"@type\":\"ListItem\",\"position\":1,\"name\":\"Home\",\"item\":\"https:\/\/zahnggiljah.com\/vi\/\"},{\"@type\":\"ListItem\",\"position\":2,\"name\":\"\uc18c\uac1c \uac1c\uc694\",\"item\":\"https:\/\/zahnggiljah.com\/vi\/?page_id=994\"},{\"@type\":\"ListItem\",\"position\":3,\"name\":\"Gi\u1edbi thi\u1ec7u\"}]},{\"@type\":\"WebSite\",\"@id\":\"https:\/\/zahnggiljah.com\/vi\/#website\",\"url\":\"https:\/\/zahnggiljah.com\/vi\/\",\"name\":\"\uc7a5\uae38\uc790 \uba85\uc608\ud68c\uc7a5\",\"description\":\"Trang Web ch\u00ednh th\u1ee9c\",\"potentialAction\":[{\"@type\":\"SearchAction\",\"target\":{\"@type\":\"EntryPoint\",\"urlTemplate\":\"https:\/\/zahnggiljah.com\/vi\/?s={search_term_string}\"},\"query-input\":{\"@type\":\"PropertyValueSpecification\",\"valueRequired\":true,\"valueName\":\"search_term_string\"}}],\"inLanguage\":\"vi-VN\"}]}<\/script>\n<!-- \/ Yoast SEO plugin. -->","yoast_head_json":{"title":"Gi\u1edbi thi\u1ec7u - Ch\u1ee7 t\u1ecbch danh d\u1ef1 Zahng Gil Jah","description":"Ch\u1ee7 t\u1ecbch danh d\u1ef1 Zahng Gil Jah - nh\u00e0 s\u00e1ng l\u1eadp Qu\u1ef9 WeLoveU Qu\u1ed1c t\u1ebf, l\u00e0 nh\u00e0 ho\u1ea1t \u0111\u1ed9ng ch\u1ee7 ngh\u0129a nh\u00e2n \u0111\u1ea1o g\u1eafng s\u1ee9c th\u1ef1c hi\u1ec7n h\u00f2a b\u00ecnh v\u00e0 ph\u00fac l\u1ee3i lo\u00e0i ng\u01b0\u1eddi b\u1eb1ng t\u1ea5m l\u00f2ng c\u1ee7a m\u1eb9.","robots":{"index":"index","follow":"follow","max-snippet":"max-snippet:-1","max-image-preview":"max-image-preview:large","max-video-preview":"max-video-preview:-1"},"canonical":"https:\/\/zahnggiljah.com\/vi\/about\/","og_locale":"vi_VN","og_type":"article","og_title":"Gi\u1edbi thi\u1ec7u - Ch\u1ee7 t\u1ecbch danh d\u1ef1 Zahng Gil Jah","og_description":"Ch\u1ee7 t\u1ecbch danh d\u1ef1 Zahng Gil Jah - nh\u00e0 s\u00e1ng l\u1eadp Qu\u1ef9 WeLoveU Qu\u1ed1c t\u1ebf, l\u00e0 nh\u00e0 ho\u1ea1t \u0111\u1ed9ng ch\u1ee7 ngh\u0129a nh\u00e2n \u0111\u1ea1o g\u1eafng s\u1ee9c th\u1ef1c hi\u1ec7n h\u00f2a b\u00ecnh v\u00e0 ph\u00fac l\u1ee3i lo\u00e0i ng\u01b0\u1eddi b\u1eb1ng t\u1ea5m l\u00f2ng c\u1ee7a m\u1eb9.","og_url":"https:\/\/zahnggiljah.com\/vi\/about\/","og_site_name":"Ch\u1ee7 t\u1ecbch danh d\u1ef1 Zahng Gil Jah","article_modified_time":"2022-10-28T05:22:29+00:00","og_image":[{"width":1032,"height":1256,"url":"https:\/\/zahnggiljah.com\/wp-content\/uploads\/2020\/10\/Zahng-Gil-jah-chairwoman.jpg","type":"image\/jpeg"}],"twitter_card":"summary_large_image","schema":{"@context":"https:\/\/schema.org","@graph":[{"@type":"WebPage","@id":"https:\/\/zahnggiljah.com\/vi\/about\/","url":"https:\/\/zahnggiljah.com\/vi\/about\/","name":"Gi\u1edbi thi\u1ec7u - Ch\u1ee7 t\u1ecbch danh d\u1ef1 Zahng Gil Jah","isPartOf":{"@id":"https:\/\/zahnggiljah.com\/vi\/#website"},"primaryImageOfPage":{"@id":"https:\/\/zahnggiljah.com\/vi\/about\/#primaryimage"},"image":{"@id":"https:\/\/zahnggiljah.com\/vi\/about\/#primaryimage"},"thumbnailUrl":"https:\/\/zahnggiljah.com\/wp-content\/uploads\/2020\/10\/Zahng-Gil-jah-chairwoman.jpg","datePublished":"2020-01-21T16:47:19+00:00","dateModified":"2022-10-28T05:22:29+00:00","description":"Ch\u1ee7 t\u1ecbch danh d\u1ef1 Zahng Gil Jah - nh\u00e0 s\u00e1ng l\u1eadp Qu\u1ef9 WeLoveU Qu\u1ed1c t\u1ebf, l\u00e0 nh\u00e0 ho\u1ea1t \u0111\u1ed9ng ch\u1ee7 ngh\u0129a nh\u00e2n \u0111\u1ea1o g\u1eafng s\u1ee9c th\u1ef1c hi\u1ec7n h\u00f2a b\u00ecnh v\u00e0 ph\u00fac l\u1ee3i lo\u00e0i ng\u01b0\u1eddi b\u1eb1ng t\u1ea5m l\u00f2ng c\u1ee7a m\u1eb9.","breadcrumb":{"@id":"https:\/\/zahnggiljah.com\/vi\/about\/#breadcrumb"},"inLanguage":"vi-VN","potentialAction":[{"@type":"ReadAction","target":["https:\/\/zahnggiljah.com\/vi\/about\/"]}]},{"@type":"ImageObject","inLanguage":"vi-VN","@id":"https:\/\/zahnggiljah.com\/vi\/about\/#primaryimage","url":"https:\/\/zahnggiljah.com\/wp-content\/uploads\/2020\/10\/Zahng-Gil-jah-chairwoman.jpg","contentUrl":"https:\/\/zahnggiljah.com\/wp-content\/uploads\/2020\/10\/Zahng-Gil-jah-chairwoman.jpg","width":1032,"height":1256,"caption":"\uc7a5\uae38\uc790 \uba85\uc608\ud68c\uc7a5"},{"@type":"BreadcrumbList","@id":"https:\/\/zahnggiljah.com\/vi\/about\/#breadcrumb","itemListElement":[{"@type":"ListItem","position":1,"name":"Home","item":"https:\/\/zahnggiljah.com\/vi\/"},{"@type":"ListItem","position":2,"name":"\uc18c\uac1c \uac1c\uc694","item":"https:\/\/zahnggiljah.com\/vi\/?page_id=994"},{"@type":"ListItem","position":3,"name":"Gi\u1edbi thi\u1ec7u"}]},{"@type":"WebSite","@id":"https:\/\/zahnggiljah.com\/vi\/#website","url":"https:\/\/zahnggiljah.com\/vi\/","name":"\uc7a5\uae38\uc790 \uba85\uc608\ud68c\uc7a5","description":"Trang Web ch\u00ednh th\u1ee9c","potentialAction":[{"@type":"SearchAction","target":{"@type":"EntryPoint","urlTemplate":"https:\/\/zahnggiljah.com\/vi\/?s={search_term_string}"},"query-input":{"@type":"PropertyValueSpecification","valueRequired":true,"valueName":"search_term_string"}}],"inLanguage":"vi-VN"}]}},"_links":{"self":[{"href":"https:\/\/zahnggiljah.com\/vi\/wp-json\/wp\/v2\/pages\/997","targetHints":{"allow":["GET"]}}],"collection":[{"href":"https:\/\/zahnggiljah.com\/vi\/wp-json\/wp\/v2\/pages"}],"about":[{"href":"https:\/\/zahnggiljah.com\/vi\/wp-json\/wp\/v2\/types\/page"}],"author":[{"embeddable":true,"href":"https:\/\/zahnggiljah.com\/vi\/wp-json\/wp\/v2\/users\/12"}],"replies":[{"embeddable":true,"href":"https:\/\/zahnggiljah.com\/vi\/wp-json\/wp\/v2\/comments?post=997"}],"version-history":[{"count":1,"href":"https:\/\/zahnggiljah.com\/vi\/wp-json\/wp\/v2\/pages\/997\/revisions"}],"predecessor-version":[{"id":998,"href":"https:\/\/zahnggiljah.com\/vi\/wp-json\/wp\/v2\/pages\/997\/revisions\/998"}],"up":[{"embeddable":true,"href":"https:\/\/zahnggiljah.com\/vi\/wp-json\/wp\/v2\/pages\/994"}],"wp:featuredmedia":[{"embeddable":true,"href":"https:\/\/zahnggiljah.com\/vi\/wp-json\/wp\/v2\/media\/2423"}],"wp:attachment":[{"href":"https:\/\/zahnggiljah.com\/vi\/wp-json\/wp\/v2\/media?parent=997"}],"curies":[{"name":"wp","href":"https:\/\/api.w.org\/{rel}","templated":true}]}}