{"id":991,"date":"2020-01-22T01:55:45","date_gmt":"2020-01-21T16:55:45","guid":{"rendered":"https:\/\/zahnggiljah.com\/press\/"},"modified":"2021-04-05T10:43:54","modified_gmt":"2021-04-05T01:43:54","slug":"press","status":"publish","type":"page","link":"https:\/\/zahnggiljah.com\/vi\/press\/","title":{"rendered":"Press"},"content":{"rendered":"","protected":false},"excerpt":{"rendered":"","protected":false},"author":12,"featured_media":2464,"parent":0,"menu_order":0,"comment_status":"closed","ping_status":"closed","template":"","meta":{"footnotes":""},"class_list":["post-991","page","type-page","status-publish","has-post-thumbnail","hentry"],"yoast_head":"<!-- This site is optimized with the Yoast SEO plugin v25.1 - https:\/\/yoast.com\/wordpress\/plugins\/seo\/ -->\n<title>Press - Ch\u1ee7 t\u1ecbch danh d\u1ef1 Zahng Gil Jah<\/title>\n<meta name=\"description\" content=\"\u0110\u00e2y l\u00e0 ng\u00f4n lu\u1eadn ph\u1ea3n \u00e1nh cu\u1ed9c \u0111\u1eddi ph\u1ee5ng s\u1ef1 v\u00e0 ho\u1ea1t \u0111\u1ed9ng ch\u1ee7 ngh\u0129a nh\u00e2n \u0111\u1ea1o c\u1ee7a Ch\u1ee7 t\u1ecbch Zahng Gil Jah, b\u1ed9 h\u00e0nh c\u1ee7a b\u00e0 th\u00f4ng qua Qu\u1ef9 WeLoveU Qu\u1ed1c t\u1ebf, s\u1ef1 tham gia c\u1ee7a m\u1ecdi t\u1ea7ng l\u1edbp, hi\u1ec7p l\u1ef1c qu\u1ed1c t\u1ebf.\" \/>\n<meta name=\"robots\" content=\"index, follow, max-snippet:-1, max-image-preview:large, max-video-preview:-1\" \/>\n<link rel=\"canonical\" href=\"https:\/\/zahnggiljah.com\/vi\/press\/\" \/>\n<meta property=\"og:locale\" content=\"vi_VN\" \/>\n<meta property=\"og:type\" content=\"article\" \/>\n<meta property=\"og:title\" content=\"Press - Ch\u1ee7 t\u1ecbch danh d\u1ef1 Zahng Gil Jah\" \/>\n<meta property=\"og:description\" content=\"\u0110\u00e2y l\u00e0 ng\u00f4n lu\u1eadn ph\u1ea3n \u00e1nh cu\u1ed9c \u0111\u1eddi ph\u1ee5ng s\u1ef1 v\u00e0 ho\u1ea1t \u0111\u1ed9ng ch\u1ee7 ngh\u0129a nh\u00e2n \u0111\u1ea1o c\u1ee7a Ch\u1ee7 t\u1ecbch Zahng Gil Jah, b\u1ed9 h\u00e0nh c\u1ee7a b\u00e0 th\u00f4ng qua Qu\u1ef9 WeLoveU Qu\u1ed1c t\u1ebf, s\u1ef1 tham gia c\u1ee7a m\u1ecdi t\u1ea7ng l\u1edbp, hi\u1ec7p l\u1ef1c qu\u1ed1c t\u1ebf.\" \/>\n<meta property=\"og:url\" content=\"https:\/\/zahnggiljah.com\/vi\/press\/\" \/>\n<meta property=\"og:site_name\" content=\"Ch\u1ee7 t\u1ecbch danh d\u1ef1 Zahng Gil Jah\" \/>\n<meta property=\"article:modified_time\" content=\"2021-04-05T01:43:54+00:00\" \/>\n<meta property=\"og:image\" content=\"https:\/\/zahnggiljah.com\/wp-content\/uploads\/2020\/10\/press-visual.jpg\" \/>\n\t<meta property=\"og:image:width\" content=\"1200\" \/>\n\t<meta property=\"og:image:height\" content=\"630\" \/>\n\t<meta property=\"og:image:type\" content=\"image\/jpeg\" \/>\n<meta name=\"twitter:card\" content=\"summary_large_image\" \/>\n<script type=\"application\/ld+json\" class=\"yoast-schema-graph\">{\"@context\":\"https:\/\/schema.org\",\"@graph\":[{\"@type\":\"WebPage\",\"@id\":\"https:\/\/zahnggiljah.com\/vi\/press\/\",\"url\":\"https:\/\/zahnggiljah.com\/vi\/press\/\",\"name\":\"Press - Ch\u1ee7 t\u1ecbch danh d\u1ef1 Zahng Gil Jah\",\"isPartOf\":{\"@id\":\"https:\/\/zahnggiljah.com\/vi\/#website\"},\"primaryImageOfPage\":{\"@id\":\"https:\/\/zahnggiljah.com\/vi\/press\/#primaryimage\"},\"image\":{\"@id\":\"https:\/\/zahnggiljah.com\/vi\/press\/#primaryimage\"},\"thumbnailUrl\":\"https:\/\/zahnggiljah.com\/wp-content\/uploads\/2020\/10\/press-visual.jpg\",\"datePublished\":\"2020-01-21T16:55:45+00:00\",\"dateModified\":\"2021-04-05T01:43:54+00:00\",\"description\":\"\u0110\u00e2y l\u00e0 ng\u00f4n lu\u1eadn ph\u1ea3n \u00e1nh cu\u1ed9c \u0111\u1eddi ph\u1ee5ng s\u1ef1 v\u00e0 ho\u1ea1t \u0111\u1ed9ng ch\u1ee7 ngh\u0129a nh\u00e2n \u0111\u1ea1o c\u1ee7a Ch\u1ee7 t\u1ecbch Zahng Gil Jah, b\u1ed9 h\u00e0nh c\u1ee7a b\u00e0 th\u00f4ng qua Qu\u1ef9 WeLoveU Qu\u1ed1c t\u1ebf, s\u1ef1 tham gia c\u1ee7a m\u1ecdi t\u1ea7ng l\u1edbp, hi\u1ec7p l\u1ef1c qu\u1ed1c t\u1ebf.\",\"breadcrumb\":{\"@id\":\"https:\/\/zahnggiljah.com\/vi\/press\/#breadcrumb\"},\"inLanguage\":\"vi-VN\",\"potentialAction\":[{\"@type\":\"ReadAction\",\"target\":[\"https:\/\/zahnggiljah.com\/vi\/press\/\"]}]},{\"@type\":\"ImageObject\",\"inLanguage\":\"vi-VN\",\"@id\":\"https:\/\/zahnggiljah.com\/vi\/press\/#primaryimage\",\"url\":\"https:\/\/zahnggiljah.com\/wp-content\/uploads\/2020\/10\/press-visual.jpg\",\"contentUrl\":\"https:\/\/zahnggiljah.com\/wp-content\/uploads\/2020\/10\/press-visual.jpg\",\"width\":1200,\"height\":630},{\"@type\":\"BreadcrumbList\",\"@id\":\"https:\/\/zahnggiljah.com\/vi\/press\/#breadcrumb\",\"itemListElement\":[{\"@type\":\"ListItem\",\"position\":1,\"name\":\"Home\",\"item\":\"https:\/\/zahnggiljah.com\/vi\/\"},{\"@type\":\"ListItem\",\"position\":2,\"name\":\"Press\"}]},{\"@type\":\"WebSite\",\"@id\":\"https:\/\/zahnggiljah.com\/vi\/#website\",\"url\":\"https:\/\/zahnggiljah.com\/vi\/\",\"name\":\"\uc7a5\uae38\uc790 \uba85\uc608\ud68c\uc7a5\",\"description\":\"Trang Web ch\u00ednh th\u1ee9c\",\"potentialAction\":[{\"@type\":\"SearchAction\",\"target\":{\"@type\":\"EntryPoint\",\"urlTemplate\":\"https:\/\/zahnggiljah.com\/vi\/?s={search_term_string}\"},\"query-input\":{\"@type\":\"PropertyValueSpecification\",\"valueRequired\":true,\"valueName\":\"search_term_string\"}}],\"inLanguage\":\"vi-VN\"}]}<\/script>\n<!-- \/ Yoast SEO plugin. -->","yoast_head_json":{"title":"Press - Ch\u1ee7 t\u1ecbch danh d\u1ef1 Zahng Gil Jah","description":"\u0110\u00e2y l\u00e0 ng\u00f4n lu\u1eadn ph\u1ea3n \u00e1nh cu\u1ed9c \u0111\u1eddi ph\u1ee5ng s\u1ef1 v\u00e0 ho\u1ea1t \u0111\u1ed9ng ch\u1ee7 ngh\u0129a nh\u00e2n \u0111\u1ea1o c\u1ee7a Ch\u1ee7 t\u1ecbch Zahng Gil Jah, b\u1ed9 h\u00e0nh c\u1ee7a b\u00e0 th\u00f4ng qua Qu\u1ef9 WeLoveU Qu\u1ed1c t\u1ebf, s\u1ef1 tham gia c\u1ee7a m\u1ecdi t\u1ea7ng l\u1edbp, hi\u1ec7p l\u1ef1c qu\u1ed1c t\u1ebf.","robots":{"index":"index","follow":"follow","max-snippet":"max-snippet:-1","max-image-preview":"max-image-preview:large","max-video-preview":"max-video-preview:-1"},"canonical":"https:\/\/zahnggiljah.com\/vi\/press\/","og_locale":"vi_VN","og_type":"article","og_title":"Press - Ch\u1ee7 t\u1ecbch danh d\u1ef1 Zahng Gil Jah","og_description":"\u0110\u00e2y l\u00e0 ng\u00f4n lu\u1eadn ph\u1ea3n \u00e1nh cu\u1ed9c \u0111\u1eddi ph\u1ee5ng s\u1ef1 v\u00e0 ho\u1ea1t \u0111\u1ed9ng ch\u1ee7 ngh\u0129a nh\u00e2n \u0111\u1ea1o c\u1ee7a Ch\u1ee7 t\u1ecbch Zahng Gil Jah, b\u1ed9 h\u00e0nh c\u1ee7a b\u00e0 th\u00f4ng qua Qu\u1ef9 WeLoveU Qu\u1ed1c t\u1ebf, s\u1ef1 tham gia c\u1ee7a m\u1ecdi t\u1ea7ng l\u1edbp, hi\u1ec7p l\u1ef1c qu\u1ed1c t\u1ebf.","og_url":"https:\/\/zahnggiljah.com\/vi\/press\/","og_site_name":"Ch\u1ee7 t\u1ecbch danh d\u1ef1 Zahng Gil Jah","article_modified_time":"2021-04-05T01:43:54+00:00","og_image":[{"width":1200,"height":630,"url":"https:\/\/zahnggiljah.com\/wp-content\/uploads\/2020\/10\/press-visual.jpg","type":"image\/jpeg"}],"twitter_card":"summary_large_image","schema":{"@context":"https:\/\/schema.org","@graph":[{"@type":"WebPage","@id":"https:\/\/zahnggiljah.com\/vi\/press\/","url":"https:\/\/zahnggiljah.com\/vi\/press\/","name":"Press - Ch\u1ee7 t\u1ecbch danh d\u1ef1 Zahng Gil Jah","isPartOf":{"@id":"https:\/\/zahnggiljah.com\/vi\/#website"},"primaryImageOfPage":{"@id":"https:\/\/zahnggiljah.com\/vi\/press\/#primaryimage"},"image":{"@id":"https:\/\/zahnggiljah.com\/vi\/press\/#primaryimage"},"thumbnailUrl":"https:\/\/zahnggiljah.com\/wp-content\/uploads\/2020\/10\/press-visual.jpg","datePublished":"2020-01-21T16:55:45+00:00","dateModified":"2021-04-05T01:43:54+00:00","description":"\u0110\u00e2y l\u00e0 ng\u00f4n lu\u1eadn ph\u1ea3n \u00e1nh cu\u1ed9c \u0111\u1eddi ph\u1ee5ng s\u1ef1 v\u00e0 ho\u1ea1t \u0111\u1ed9ng ch\u1ee7 ngh\u0129a nh\u00e2n \u0111\u1ea1o c\u1ee7a Ch\u1ee7 t\u1ecbch Zahng Gil Jah, b\u1ed9 h\u00e0nh c\u1ee7a b\u00e0 th\u00f4ng qua Qu\u1ef9 WeLoveU Qu\u1ed1c t\u1ebf, s\u1ef1 tham gia c\u1ee7a m\u1ecdi t\u1ea7ng l\u1edbp, hi\u1ec7p l\u1ef1c qu\u1ed1c t\u1ebf.","breadcrumb":{"@id":"https:\/\/zahnggiljah.com\/vi\/press\/#breadcrumb"},"inLanguage":"vi-VN","potentialAction":[{"@type":"ReadAction","target":["https:\/\/zahnggiljah.com\/vi\/press\/"]}]},{"@type":"ImageObject","inLanguage":"vi-VN","@id":"https:\/\/zahnggiljah.com\/vi\/press\/#primaryimage","url":"https:\/\/zahnggiljah.com\/wp-content\/uploads\/2020\/10\/press-visual.jpg","contentUrl":"https:\/\/zahnggiljah.com\/wp-content\/uploads\/2020\/10\/press-visual.jpg","width":1200,"height":630},{"@type":"BreadcrumbList","@id":"https:\/\/zahnggiljah.com\/vi\/press\/#breadcrumb","itemListElement":[{"@type":"ListItem","position":1,"name":"Home","item":"https:\/\/zahnggiljah.com\/vi\/"},{"@type":"ListItem","position":2,"name":"Press"}]},{"@type":"WebSite","@id":"https:\/\/zahnggiljah.com\/vi\/#website","url":"https:\/\/zahnggiljah.com\/vi\/","name":"\uc7a5\uae38\uc790 \uba85\uc608\ud68c\uc7a5","description":"Trang Web ch\u00ednh th\u1ee9c","potentialAction":[{"@type":"SearchAction","target":{"@type":"EntryPoint","urlTemplate":"https:\/\/zahnggiljah.com\/vi\/?s={search_term_string}"},"query-input":{"@type":"PropertyValueSpecification","valueRequired":true,"valueName":"search_term_string"}}],"inLanguage":"vi-VN"}]}},"_links":{"self":[{"href":"https:\/\/zahnggiljah.com\/vi\/wp-json\/wp\/v2\/pages\/991","targetHints":{"allow":["GET"]}}],"collection":[{"href":"https:\/\/zahnggiljah.com\/vi\/wp-json\/wp\/v2\/pages"}],"about":[{"href":"https:\/\/zahnggiljah.com\/vi\/wp-json\/wp\/v2\/types\/page"}],"author":[{"embeddable":true,"href":"https:\/\/zahnggiljah.com\/vi\/wp-json\/wp\/v2\/users\/12"}],"replies":[{"embeddable":true,"href":"https:\/\/zahnggiljah.com\/vi\/wp-json\/wp\/v2\/comments?post=991"}],"version-history":[{"count":2,"href":"https:\/\/zahnggiljah.com\/vi\/wp-json\/wp\/v2\/pages\/991\/revisions"}],"predecessor-version":[{"id":2820,"href":"https:\/\/zahnggiljah.com\/vi\/wp-json\/wp\/v2\/pages\/991\/revisions\/2820"}],"wp:featuredmedia":[{"embeddable":true,"href":"https:\/\/zahnggiljah.com\/vi\/wp-json\/wp\/v2\/media\/2464"}],"wp:attachment":[{"href":"https:\/\/zahnggiljah.com\/vi\/wp-json\/wp\/v2\/media?parent=991"}],"curies":[{"name":"wp","href":"https:\/\/api.w.org\/{rel}","templated":true}]}}