{"id":988,"date":"2020-01-22T01:55:29","date_gmt":"2020-01-21T16:55:29","guid":{"rendered":"https:\/\/zahnggiljah.com\/message\/"},"modified":"2020-10-21T11:29:14","modified_gmt":"2020-10-21T02:29:14","slug":"message","status":"publish","type":"page","link":"https:\/\/zahnggiljah.com\/vi\/message\/","title":{"rendered":"Tin nh\u1eafn"},"content":{"rendered":"","protected":false},"excerpt":{"rendered":"","protected":false},"author":12,"featured_media":718,"parent":0,"menu_order":0,"comment_status":"closed","ping_status":"closed","template":"","meta":{"footnotes":""},"class_list":["post-988","page","type-page","status-publish","has-post-thumbnail","hentry"],"yoast_head":"<!-- This site is optimized with the Yoast SEO plugin v25.1 - https:\/\/yoast.com\/wordpress\/plugins\/seo\/ -->\n<title>Tin nh\u1eafn - Ch\u1ee7 t\u1ecbch danh d\u1ef1 Zahng Gil Jah<\/title>\n<meta name=\"description\" content=\"\u0110\u00e2y l\u00e0 tin nh\u1eafn hy v\u1ecdng m\u00e0 Ch\u1ee7 t\u1ecbch Zahng Gil Jah g\u1eedi t\u1edbi m\u1ecdi gia \u0111\u00ecnh l\u00e0ng \u0111\u1ecba c\u1ea7u g\u1ed3m c\u00e1c h\u1ed9i vi\u00ean ph\u1ee5ng s\u1ef1 c\u00f9ng nhau v\u00e0 h\u00e0ng x\u00f3m thi\u1ebft c\u1ea7n s\u1ef1 gi\u00fap \u0111\u1ee1.\" \/>\n<meta name=\"robots\" content=\"index, follow, max-snippet:-1, max-image-preview:large, max-video-preview:-1\" \/>\n<link rel=\"canonical\" href=\"https:\/\/zahnggiljah.com\/vi\/message\/\" \/>\n<meta property=\"og:locale\" content=\"vi_VN\" \/>\n<meta property=\"og:type\" content=\"article\" \/>\n<meta property=\"og:title\" content=\"Tin nh\u1eafn - Ch\u1ee7 t\u1ecbch danh d\u1ef1 Zahng Gil Jah\" \/>\n<meta property=\"og:description\" content=\"\u0110\u00e2y l\u00e0 tin nh\u1eafn hy v\u1ecdng m\u00e0 Ch\u1ee7 t\u1ecbch Zahng Gil Jah g\u1eedi t\u1edbi m\u1ecdi gia \u0111\u00ecnh l\u00e0ng \u0111\u1ecba c\u1ea7u g\u1ed3m c\u00e1c h\u1ed9i vi\u00ean ph\u1ee5ng s\u1ef1 c\u00f9ng nhau v\u00e0 h\u00e0ng x\u00f3m thi\u1ebft c\u1ea7n s\u1ef1 gi\u00fap \u0111\u1ee1.\" \/>\n<meta property=\"og:url\" content=\"https:\/\/zahnggiljah.com\/vi\/message\/\" \/>\n<meta property=\"og:site_name\" content=\"Ch\u1ee7 t\u1ecbch danh d\u1ef1 Zahng Gil Jah\" \/>\n<meta property=\"article:modified_time\" content=\"2020-10-21T02:29:14+00:00\" \/>\n<meta property=\"og:image\" content=\"https:\/\/zahnggiljah.com\/wp-content\/uploads\/2012\/05\/bg-message01.jpg\" \/>\n\t<meta property=\"og:image:width\" content=\"1920\" \/>\n\t<meta property=\"og:image:height\" content=\"1280\" \/>\n\t<meta property=\"og:image:type\" content=\"image\/jpeg\" \/>\n<meta name=\"twitter:card\" content=\"summary_large_image\" \/>\n<script type=\"application\/ld+json\" class=\"yoast-schema-graph\">{\"@context\":\"https:\/\/schema.org\",\"@graph\":[{\"@type\":\"WebPage\",\"@id\":\"https:\/\/zahnggiljah.com\/vi\/message\/\",\"url\":\"https:\/\/zahnggiljah.com\/vi\/message\/\",\"name\":\"Tin nh\u1eafn - Ch\u1ee7 t\u1ecbch danh d\u1ef1 Zahng Gil Jah\",\"isPartOf\":{\"@id\":\"https:\/\/zahnggiljah.com\/vi\/#website\"},\"primaryImageOfPage\":{\"@id\":\"https:\/\/zahnggiljah.com\/vi\/message\/#primaryimage\"},\"image\":{\"@id\":\"https:\/\/zahnggiljah.com\/vi\/message\/#primaryimage\"},\"thumbnailUrl\":\"https:\/\/zahnggiljah.com\/wp-content\/uploads\/2012\/05\/bg-message01.jpg\",\"datePublished\":\"2020-01-21T16:55:29+00:00\",\"dateModified\":\"2020-10-21T02:29:14+00:00\",\"description\":\"\u0110\u00e2y l\u00e0 tin nh\u1eafn hy v\u1ecdng m\u00e0 Ch\u1ee7 t\u1ecbch Zahng Gil Jah g\u1eedi t\u1edbi m\u1ecdi gia \u0111\u00ecnh l\u00e0ng \u0111\u1ecba c\u1ea7u g\u1ed3m c\u00e1c h\u1ed9i vi\u00ean ph\u1ee5ng s\u1ef1 c\u00f9ng nhau v\u00e0 h\u00e0ng x\u00f3m thi\u1ebft c\u1ea7n s\u1ef1 gi\u00fap \u0111\u1ee1.\",\"breadcrumb\":{\"@id\":\"https:\/\/zahnggiljah.com\/vi\/message\/#breadcrumb\"},\"inLanguage\":\"vi-VN\",\"potentialAction\":[{\"@type\":\"ReadAction\",\"target\":[\"https:\/\/zahnggiljah.com\/vi\/message\/\"]}]},{\"@type\":\"ImageObject\",\"inLanguage\":\"vi-VN\",\"@id\":\"https:\/\/zahnggiljah.com\/vi\/message\/#primaryimage\",\"url\":\"https:\/\/zahnggiljah.com\/wp-content\/uploads\/2012\/05\/bg-message01.jpg\",\"contentUrl\":\"https:\/\/zahnggiljah.com\/wp-content\/uploads\/2012\/05\/bg-message01.jpg\",\"width\":1920,\"height\":1280},{\"@type\":\"BreadcrumbList\",\"@id\":\"https:\/\/zahnggiljah.com\/vi\/message\/#breadcrumb\",\"itemListElement\":[{\"@type\":\"ListItem\",\"position\":1,\"name\":\"Home\",\"item\":\"https:\/\/zahnggiljah.com\/vi\/\"},{\"@type\":\"ListItem\",\"position\":2,\"name\":\"Tin nh\u1eafn\"}]},{\"@type\":\"WebSite\",\"@id\":\"https:\/\/zahnggiljah.com\/vi\/#website\",\"url\":\"https:\/\/zahnggiljah.com\/vi\/\",\"name\":\"\uc7a5\uae38\uc790 \uba85\uc608\ud68c\uc7a5\",\"description\":\"Trang Web ch\u00ednh th\u1ee9c\",\"potentialAction\":[{\"@type\":\"SearchAction\",\"target\":{\"@type\":\"EntryPoint\",\"urlTemplate\":\"https:\/\/zahnggiljah.com\/vi\/?s={search_term_string}\"},\"query-input\":{\"@type\":\"PropertyValueSpecification\",\"valueRequired\":true,\"valueName\":\"search_term_string\"}}],\"inLanguage\":\"vi-VN\"}]}<\/script>\n<!-- \/ Yoast SEO plugin. -->","yoast_head_json":{"title":"Tin nh\u1eafn - Ch\u1ee7 t\u1ecbch danh d\u1ef1 Zahng Gil Jah","description":"\u0110\u00e2y l\u00e0 tin nh\u1eafn hy v\u1ecdng m\u00e0 Ch\u1ee7 t\u1ecbch Zahng Gil Jah g\u1eedi t\u1edbi m\u1ecdi gia \u0111\u00ecnh l\u00e0ng \u0111\u1ecba c\u1ea7u g\u1ed3m c\u00e1c h\u1ed9i vi\u00ean ph\u1ee5ng s\u1ef1 c\u00f9ng nhau v\u00e0 h\u00e0ng x\u00f3m thi\u1ebft c\u1ea7n s\u1ef1 gi\u00fap \u0111\u1ee1.","robots":{"index":"index","follow":"follow","max-snippet":"max-snippet:-1","max-image-preview":"max-image-preview:large","max-video-preview":"max-video-preview:-1"},"canonical":"https:\/\/zahnggiljah.com\/vi\/message\/","og_locale":"vi_VN","og_type":"article","og_title":"Tin nh\u1eafn - Ch\u1ee7 t\u1ecbch danh d\u1ef1 Zahng Gil Jah","og_description":"\u0110\u00e2y l\u00e0 tin nh\u1eafn hy v\u1ecdng m\u00e0 Ch\u1ee7 t\u1ecbch Zahng Gil Jah g\u1eedi t\u1edbi m\u1ecdi gia \u0111\u00ecnh l\u00e0ng \u0111\u1ecba c\u1ea7u g\u1ed3m c\u00e1c h\u1ed9i vi\u00ean ph\u1ee5ng s\u1ef1 c\u00f9ng nhau v\u00e0 h\u00e0ng x\u00f3m thi\u1ebft c\u1ea7n s\u1ef1 gi\u00fap \u0111\u1ee1.","og_url":"https:\/\/zahnggiljah.com\/vi\/message\/","og_site_name":"Ch\u1ee7 t\u1ecbch danh d\u1ef1 Zahng Gil Jah","article_modified_time":"2020-10-21T02:29:14+00:00","og_image":[{"width":1920,"height":1280,"url":"https:\/\/zahnggiljah.com\/wp-content\/uploads\/2012\/05\/bg-message01.jpg","type":"image\/jpeg"}],"twitter_card":"summary_large_image","schema":{"@context":"https:\/\/schema.org","@graph":[{"@type":"WebPage","@id":"https:\/\/zahnggiljah.com\/vi\/message\/","url":"https:\/\/zahnggiljah.com\/vi\/message\/","name":"Tin nh\u1eafn - Ch\u1ee7 t\u1ecbch danh d\u1ef1 Zahng Gil Jah","isPartOf":{"@id":"https:\/\/zahnggiljah.com\/vi\/#website"},"primaryImageOfPage":{"@id":"https:\/\/zahnggiljah.com\/vi\/message\/#primaryimage"},"image":{"@id":"https:\/\/zahnggiljah.com\/vi\/message\/#primaryimage"},"thumbnailUrl":"https:\/\/zahnggiljah.com\/wp-content\/uploads\/2012\/05\/bg-message01.jpg","datePublished":"2020-01-21T16:55:29+00:00","dateModified":"2020-10-21T02:29:14+00:00","description":"\u0110\u00e2y l\u00e0 tin nh\u1eafn hy v\u1ecdng m\u00e0 Ch\u1ee7 t\u1ecbch Zahng Gil Jah g\u1eedi t\u1edbi m\u1ecdi gia \u0111\u00ecnh l\u00e0ng \u0111\u1ecba c\u1ea7u g\u1ed3m c\u00e1c h\u1ed9i vi\u00ean ph\u1ee5ng s\u1ef1 c\u00f9ng nhau v\u00e0 h\u00e0ng x\u00f3m thi\u1ebft c\u1ea7n s\u1ef1 gi\u00fap \u0111\u1ee1.","breadcrumb":{"@id":"https:\/\/zahnggiljah.com\/vi\/message\/#breadcrumb"},"inLanguage":"vi-VN","potentialAction":[{"@type":"ReadAction","target":["https:\/\/zahnggiljah.com\/vi\/message\/"]}]},{"@type":"ImageObject","inLanguage":"vi-VN","@id":"https:\/\/zahnggiljah.com\/vi\/message\/#primaryimage","url":"https:\/\/zahnggiljah.com\/wp-content\/uploads\/2012\/05\/bg-message01.jpg","contentUrl":"https:\/\/zahnggiljah.com\/wp-content\/uploads\/2012\/05\/bg-message01.jpg","width":1920,"height":1280},{"@type":"BreadcrumbList","@id":"https:\/\/zahnggiljah.com\/vi\/message\/#breadcrumb","itemListElement":[{"@type":"ListItem","position":1,"name":"Home","item":"https:\/\/zahnggiljah.com\/vi\/"},{"@type":"ListItem","position":2,"name":"Tin nh\u1eafn"}]},{"@type":"WebSite","@id":"https:\/\/zahnggiljah.com\/vi\/#website","url":"https:\/\/zahnggiljah.com\/vi\/","name":"\uc7a5\uae38\uc790 \uba85\uc608\ud68c\uc7a5","description":"Trang Web ch\u00ednh th\u1ee9c","potentialAction":[{"@type":"SearchAction","target":{"@type":"EntryPoint","urlTemplate":"https:\/\/zahnggiljah.com\/vi\/?s={search_term_string}"},"query-input":{"@type":"PropertyValueSpecification","valueRequired":true,"valueName":"search_term_string"}}],"inLanguage":"vi-VN"}]}},"_links":{"self":[{"href":"https:\/\/zahnggiljah.com\/vi\/wp-json\/wp\/v2\/pages\/988","targetHints":{"allow":["GET"]}}],"collection":[{"href":"https:\/\/zahnggiljah.com\/vi\/wp-json\/wp\/v2\/pages"}],"about":[{"href":"https:\/\/zahnggiljah.com\/vi\/wp-json\/wp\/v2\/types\/page"}],"author":[{"embeddable":true,"href":"https:\/\/zahnggiljah.com\/vi\/wp-json\/wp\/v2\/users\/12"}],"replies":[{"embeddable":true,"href":"https:\/\/zahnggiljah.com\/vi\/wp-json\/wp\/v2\/comments?post=988"}],"version-history":[{"count":1,"href":"https:\/\/zahnggiljah.com\/vi\/wp-json\/wp\/v2\/pages\/988\/revisions"}],"predecessor-version":[{"id":989,"href":"https:\/\/zahnggiljah.com\/vi\/wp-json\/wp\/v2\/pages\/988\/revisions\/989"}],"wp:featuredmedia":[{"embeddable":true,"href":"https:\/\/zahnggiljah.com\/vi\/wp-json\/wp\/v2\/media\/718"}],"wp:attachment":[{"href":"https:\/\/zahnggiljah.com\/vi\/wp-json\/wp\/v2\/media?parent=988"}],"curies":[{"name":"wp","href":"https:\/\/api.w.org\/{rel}","templated":true}]}}