{"id":1016,"date":"2020-01-22T01:45:15","date_gmt":"2020-01-21T16:45:15","guid":{"rendered":"https:\/\/zahnggiljah.com\/home\/"},"modified":"2024-06-12T14:30:58","modified_gmt":"2024-06-12T05:30:58","slug":"home","status":"publish","type":"page","link":"https:\/\/zahnggiljah.com\/vi\/","title":{"rendered":"Trang Web ch\u00ednh th\u1ee9c Ch\u1ee7 t\u1ecbch danh d\u1ef1 Zahng Gil Jah"},"content":{"rendered":"","protected":false},"excerpt":{"rendered":"","protected":false},"author":12,"featured_media":2428,"parent":0,"menu_order":0,"comment_status":"closed","ping_status":"closed","template":"","meta":{"footnotes":""},"class_list":["post-1016","page","type-page","status-publish","has-post-thumbnail","hentry"],"yoast_head":"<!-- This site is optimized with the Yoast SEO plugin v25.1 - https:\/\/yoast.com\/wordpress\/plugins\/seo\/ -->\n<title>Trang Web ch\u00ednh th\u1ee9c Ch\u1ee7 t\u1ecbch danh d\u1ef1 Zahng Gil Jah<\/title>\n<meta name=\"description\" content=\"Xin gi\u1edbi thi\u1ec7u ho\u1ea1t \u0111\u1ed9ng v\u00e0 tin nh\u1eafn c\u1ee7a Ch\u1ee7 t\u1ecbch danh d\u1ef1 Zahng Gil Jah c\u1ee7a T\u1ed5 ch\u1ee9c WeLoveU Qu\u1ed1c t\u1ebf, l\u00e0 nh\u00e0 ho\u1ea1t \u0111\u1ed9ng ch\u1ee7 ngh\u0129a nh\u00e2n \u0111\u1ea1o kh\u00f4ng ng\u1eebng n\u1ed7 l\u1ef1c v\u00ec th\u1ebf gian m\u00e0 ai c\u0169ng \u0111\u01b0\u1ee3c t\u00f4n tr\u1ecdng v\u00e0 h\u00f2a b\u00ecnh b\u1ec1n v\u1eefng.\" \/>\n<meta name=\"robots\" content=\"index, follow, max-snippet:-1, max-image-preview:large, max-video-preview:-1\" \/>\n<link rel=\"canonical\" href=\"https:\/\/zahnggiljah.com\/vi\/\" \/>\n<meta property=\"og:locale\" content=\"vi_VN\" \/>\n<meta property=\"og:type\" content=\"article\" \/>\n<meta property=\"og:title\" content=\"Trang Web ch\u00ednh th\u1ee9c Ch\u1ee7 t\u1ecbch danh d\u1ef1 Zahng Gil Jah\" \/>\n<meta property=\"og:description\" content=\"Xin gi\u1edbi thi\u1ec7u ho\u1ea1t \u0111\u1ed9ng v\u00e0 tin nh\u1eafn c\u1ee7a Ch\u1ee7 t\u1ecbch danh d\u1ef1 Zahng Gil Jah c\u1ee7a T\u1ed5 ch\u1ee9c WeLoveU Qu\u1ed1c t\u1ebf, l\u00e0 nh\u00e0 ho\u1ea1t \u0111\u1ed9ng ch\u1ee7 ngh\u0129a nh\u00e2n \u0111\u1ea1o kh\u00f4ng ng\u1eebng n\u1ed7 l\u1ef1c v\u00ec th\u1ebf gian m\u00e0 ai c\u0169ng \u0111\u01b0\u1ee3c t\u00f4n tr\u1ecdng v\u00e0 h\u00f2a b\u00ecnh b\u1ec1n v\u1eefng.\" \/>\n<meta property=\"og:url\" content=\"https:\/\/zahnggiljah.com\/vi\/\" \/>\n<meta property=\"og:site_name\" content=\"Ch\u1ee7 t\u1ecbch danh d\u1ef1 Zahng Gil Jah\" \/>\n<meta property=\"article:modified_time\" content=\"2024-06-12T05:30:58+00:00\" \/>\n<meta property=\"og:image\" content=\"https:\/\/zahnggiljah.com\/wp-content\/uploads\/2020\/10\/home-visual.jpg\" \/>\n\t<meta property=\"og:image:width\" content=\"1920\" \/>\n\t<meta property=\"og:image:height\" content=\"1125\" \/>\n\t<meta property=\"og:image:type\" content=\"image\/jpeg\" \/>\n<meta name=\"twitter:card\" content=\"summary_large_image\" \/>\n<script type=\"application\/ld+json\" class=\"yoast-schema-graph\">{\"@context\":\"https:\/\/schema.org\",\"@graph\":[{\"@type\":\"WebPage\",\"@id\":\"https:\/\/zahnggiljah.com\/vi\/\",\"url\":\"https:\/\/zahnggiljah.com\/vi\/\",\"name\":\"Trang Web ch\u00ednh th\u1ee9c Ch\u1ee7 t\u1ecbch danh d\u1ef1 Zahng Gil Jah\",\"isPartOf\":{\"@id\":\"https:\/\/zahnggiljah.com\/vi\/#website\"},\"primaryImageOfPage\":{\"@id\":\"https:\/\/zahnggiljah.com\/vi\/#primaryimage\"},\"image\":{\"@id\":\"https:\/\/zahnggiljah.com\/vi\/#primaryimage\"},\"thumbnailUrl\":\"https:\/\/zahnggiljah.com\/wp-content\/uploads\/2020\/10\/home-visual.jpg\",\"datePublished\":\"2020-01-21T16:45:15+00:00\",\"dateModified\":\"2024-06-12T05:30:58+00:00\",\"description\":\"Xin gi\u1edbi thi\u1ec7u ho\u1ea1t \u0111\u1ed9ng v\u00e0 tin nh\u1eafn c\u1ee7a Ch\u1ee7 t\u1ecbch danh d\u1ef1 Zahng Gil Jah c\u1ee7a T\u1ed5 ch\u1ee9c WeLoveU Qu\u1ed1c t\u1ebf, l\u00e0 nh\u00e0 ho\u1ea1t \u0111\u1ed9ng ch\u1ee7 ngh\u0129a nh\u00e2n \u0111\u1ea1o kh\u00f4ng ng\u1eebng n\u1ed7 l\u1ef1c v\u00ec th\u1ebf gian m\u00e0 ai c\u0169ng \u0111\u01b0\u1ee3c t\u00f4n tr\u1ecdng v\u00e0 h\u00f2a b\u00ecnh b\u1ec1n v\u1eefng.\",\"breadcrumb\":{\"@id\":\"https:\/\/zahnggiljah.com\/vi\/#breadcrumb\"},\"inLanguage\":\"vi-VN\",\"potentialAction\":[{\"@type\":\"ReadAction\",\"target\":[\"https:\/\/zahnggiljah.com\/vi\/\"]}]},{\"@type\":\"ImageObject\",\"inLanguage\":\"vi-VN\",\"@id\":\"https:\/\/zahnggiljah.com\/vi\/#primaryimage\",\"url\":\"https:\/\/zahnggiljah.com\/wp-content\/uploads\/2020\/10\/home-visual.jpg\",\"contentUrl\":\"https:\/\/zahnggiljah.com\/wp-content\/uploads\/2020\/10\/home-visual.jpg\",\"width\":1920,\"height\":1125},{\"@type\":\"BreadcrumbList\",\"@id\":\"https:\/\/zahnggiljah.com\/vi\/#breadcrumb\",\"itemListElement\":[{\"@type\":\"ListItem\",\"position\":1,\"name\":\"Home\",\"item\":\"https:\/\/zahnggiljah.com\/vi\/\"},{\"@type\":\"ListItem\",\"position\":2,\"name\":\"Trang Web ch\u00ednh th\u1ee9c Ch\u1ee7 t\u1ecbch danh d\u1ef1 Zahng Gil Jah\"}]},{\"@type\":\"WebSite\",\"@id\":\"https:\/\/zahnggiljah.com\/vi\/#website\",\"url\":\"https:\/\/zahnggiljah.com\/vi\/\",\"name\":\"\uc7a5\uae38\uc790 \uba85\uc608\ud68c\uc7a5\",\"description\":\"Trang Web ch\u00ednh th\u1ee9c\",\"potentialAction\":[{\"@type\":\"SearchAction\",\"target\":{\"@type\":\"EntryPoint\",\"urlTemplate\":\"https:\/\/zahnggiljah.com\/vi\/?s={search_term_string}\"},\"query-input\":{\"@type\":\"PropertyValueSpecification\",\"valueRequired\":true,\"valueName\":\"search_term_string\"}}],\"inLanguage\":\"vi-VN\"}]}<\/script>\n<!-- \/ Yoast SEO plugin. -->","yoast_head_json":{"title":"Trang Web ch\u00ednh th\u1ee9c Ch\u1ee7 t\u1ecbch danh d\u1ef1 Zahng Gil Jah","description":"Xin gi\u1edbi thi\u1ec7u ho\u1ea1t \u0111\u1ed9ng v\u00e0 tin nh\u1eafn c\u1ee7a Ch\u1ee7 t\u1ecbch danh d\u1ef1 Zahng Gil Jah c\u1ee7a T\u1ed5 ch\u1ee9c WeLoveU Qu\u1ed1c t\u1ebf, l\u00e0 nh\u00e0 ho\u1ea1t \u0111\u1ed9ng ch\u1ee7 ngh\u0129a nh\u00e2n \u0111\u1ea1o kh\u00f4ng ng\u1eebng n\u1ed7 l\u1ef1c v\u00ec th\u1ebf gian m\u00e0 ai c\u0169ng \u0111\u01b0\u1ee3c t\u00f4n tr\u1ecdng v\u00e0 h\u00f2a b\u00ecnh b\u1ec1n v\u1eefng.","robots":{"index":"index","follow":"follow","max-snippet":"max-snippet:-1","max-image-preview":"max-image-preview:large","max-video-preview":"max-video-preview:-1"},"canonical":"https:\/\/zahnggiljah.com\/vi\/","og_locale":"vi_VN","og_type":"article","og_title":"Trang Web ch\u00ednh th\u1ee9c Ch\u1ee7 t\u1ecbch danh d\u1ef1 Zahng Gil Jah","og_description":"Xin gi\u1edbi thi\u1ec7u ho\u1ea1t \u0111\u1ed9ng v\u00e0 tin nh\u1eafn c\u1ee7a Ch\u1ee7 t\u1ecbch danh d\u1ef1 Zahng Gil Jah c\u1ee7a T\u1ed5 ch\u1ee9c WeLoveU Qu\u1ed1c t\u1ebf, l\u00e0 nh\u00e0 ho\u1ea1t \u0111\u1ed9ng ch\u1ee7 ngh\u0129a nh\u00e2n \u0111\u1ea1o kh\u00f4ng ng\u1eebng n\u1ed7 l\u1ef1c v\u00ec th\u1ebf gian m\u00e0 ai c\u0169ng \u0111\u01b0\u1ee3c t\u00f4n tr\u1ecdng v\u00e0 h\u00f2a b\u00ecnh b\u1ec1n v\u1eefng.","og_url":"https:\/\/zahnggiljah.com\/vi\/","og_site_name":"Ch\u1ee7 t\u1ecbch danh d\u1ef1 Zahng Gil Jah","article_modified_time":"2024-06-12T05:30:58+00:00","og_image":[{"width":1920,"height":1125,"url":"https:\/\/zahnggiljah.com\/wp-content\/uploads\/2020\/10\/home-visual.jpg","type":"image\/jpeg"}],"twitter_card":"summary_large_image","schema":{"@context":"https:\/\/schema.org","@graph":[{"@type":"WebPage","@id":"https:\/\/zahnggiljah.com\/vi\/","url":"https:\/\/zahnggiljah.com\/vi\/","name":"Trang Web ch\u00ednh th\u1ee9c Ch\u1ee7 t\u1ecbch danh d\u1ef1 Zahng Gil Jah","isPartOf":{"@id":"https:\/\/zahnggiljah.com\/vi\/#website"},"primaryImageOfPage":{"@id":"https:\/\/zahnggiljah.com\/vi\/#primaryimage"},"image":{"@id":"https:\/\/zahnggiljah.com\/vi\/#primaryimage"},"thumbnailUrl":"https:\/\/zahnggiljah.com\/wp-content\/uploads\/2020\/10\/home-visual.jpg","datePublished":"2020-01-21T16:45:15+00:00","dateModified":"2024-06-12T05:30:58+00:00","description":"Xin gi\u1edbi thi\u1ec7u ho\u1ea1t \u0111\u1ed9ng v\u00e0 tin nh\u1eafn c\u1ee7a Ch\u1ee7 t\u1ecbch danh d\u1ef1 Zahng Gil Jah c\u1ee7a T\u1ed5 ch\u1ee9c WeLoveU Qu\u1ed1c t\u1ebf, l\u00e0 nh\u00e0 ho\u1ea1t \u0111\u1ed9ng ch\u1ee7 ngh\u0129a nh\u00e2n \u0111\u1ea1o kh\u00f4ng ng\u1eebng n\u1ed7 l\u1ef1c v\u00ec th\u1ebf gian m\u00e0 ai c\u0169ng \u0111\u01b0\u1ee3c t\u00f4n tr\u1ecdng v\u00e0 h\u00f2a b\u00ecnh b\u1ec1n v\u1eefng.","breadcrumb":{"@id":"https:\/\/zahnggiljah.com\/vi\/#breadcrumb"},"inLanguage":"vi-VN","potentialAction":[{"@type":"ReadAction","target":["https:\/\/zahnggiljah.com\/vi\/"]}]},{"@type":"ImageObject","inLanguage":"vi-VN","@id":"https:\/\/zahnggiljah.com\/vi\/#primaryimage","url":"https:\/\/zahnggiljah.com\/wp-content\/uploads\/2020\/10\/home-visual.jpg","contentUrl":"https:\/\/zahnggiljah.com\/wp-content\/uploads\/2020\/10\/home-visual.jpg","width":1920,"height":1125},{"@type":"BreadcrumbList","@id":"https:\/\/zahnggiljah.com\/vi\/#breadcrumb","itemListElement":[{"@type":"ListItem","position":1,"name":"Home","item":"https:\/\/zahnggiljah.com\/vi\/"},{"@type":"ListItem","position":2,"name":"Trang Web ch\u00ednh th\u1ee9c Ch\u1ee7 t\u1ecbch danh d\u1ef1 Zahng Gil Jah"}]},{"@type":"WebSite","@id":"https:\/\/zahnggiljah.com\/vi\/#website","url":"https:\/\/zahnggiljah.com\/vi\/","name":"\uc7a5\uae38\uc790 \uba85\uc608\ud68c\uc7a5","description":"Trang Web ch\u00ednh th\u1ee9c","potentialAction":[{"@type":"SearchAction","target":{"@type":"EntryPoint","urlTemplate":"https:\/\/zahnggiljah.com\/vi\/?s={search_term_string}"},"query-input":{"@type":"PropertyValueSpecification","valueRequired":true,"valueName":"search_term_string"}}],"inLanguage":"vi-VN"}]}},"_links":{"self":[{"href":"https:\/\/zahnggiljah.com\/vi\/wp-json\/wp\/v2\/pages\/1016","targetHints":{"allow":["GET"]}}],"collection":[{"href":"https:\/\/zahnggiljah.com\/vi\/wp-json\/wp\/v2\/pages"}],"about":[{"href":"https:\/\/zahnggiljah.com\/vi\/wp-json\/wp\/v2\/types\/page"}],"author":[{"embeddable":true,"href":"https:\/\/zahnggiljah.com\/vi\/wp-json\/wp\/v2\/users\/12"}],"replies":[{"embeddable":true,"href":"https:\/\/zahnggiljah.com\/vi\/wp-json\/wp\/v2\/comments?post=1016"}],"version-history":[{"count":2,"href":"https:\/\/zahnggiljah.com\/vi\/wp-json\/wp\/v2\/pages\/1016\/revisions"}],"predecessor-version":[{"id":5146,"href":"https:\/\/zahnggiljah.com\/vi\/wp-json\/wp\/v2\/pages\/1016\/revisions\/5146"}],"wp:featuredmedia":[{"embeddable":true,"href":"https:\/\/zahnggiljah.com\/vi\/wp-json\/wp\/v2\/media\/2428"}],"wp:attachment":[{"href":"https:\/\/zahnggiljah.com\/vi\/wp-json\/wp\/v2\/media?parent=1016"}],"curies":[{"name":"wp","href":"https:\/\/api.w.org\/{rel}","templated":true}]}}