{"id":1012,"date":"2020-01-23T01:00:16","date_gmt":"2020-01-22T16:00:16","guid":{"rendered":"https:\/\/zahnggiljah.com\/news\/"},"modified":"2020-10-21T11:26:46","modified_gmt":"2020-10-21T02:26:46","slug":"news","status":"publish","type":"page","link":"https:\/\/zahnggiljah.com\/vi\/news\/","title":{"rendered":"Tin t\u1ee9c ho\u1ea1t \u0111\u1ed9ng"},"content":{"rendered":"","protected":false},"excerpt":{"rendered":"","protected":false},"author":12,"featured_media":2443,"parent":0,"menu_order":0,"comment_status":"closed","ping_status":"closed","template":"","meta":{"footnotes":""},"class_list":["post-1012","page","type-page","status-publish","has-post-thumbnail","hentry"],"yoast_head":"<!-- This site is optimized with the Yoast SEO plugin v25.1 - https:\/\/yoast.com\/wordpress\/plugins\/seo\/ -->\n<title>Tin t\u1ee9c ho\u1ea1t \u0111\u1ed9ng - Ch\u1ee7 t\u1ecbch danh d\u1ef1 Zahng Gil Jah<\/title>\n<meta name=\"description\" content=\"\u0110\u00e2y l\u00e0 tin t\u1ee9c ho\u1ea1t \u0111\u1ed9ng &amp; c\u00f4ng t\u00e1c ph\u00fac l\u1ee3i \u0111a g\u00f3c \u0111\u1ed9 c\u1ee7a Ch\u1ee7 t\u1ecbch Zahng Gil Jah v\u00ec b\u1ea3o v\u1ec7 nh\u00e2n quy\u1ec1n ph\u1ee5 n\u1eef, chi vi\u1ec7n ng\u01b0\u1eddi y\u1ebfu th\u1ebf x\u00e3 h\u1ed9i, chi vi\u1ec7n th\u1ebf h\u1ec7 t\u01b0\u01a1ng lai, hi\u1ec7p l\u1ef1c h\u00f2a b\u00ecnh qu\u1ed1c t\u1ebf v.v...\" \/>\n<meta name=\"robots\" content=\"index, follow, max-snippet:-1, max-image-preview:large, max-video-preview:-1\" \/>\n<link rel=\"canonical\" href=\"https:\/\/zahnggiljah.com\/vi\/news\/\" \/>\n<meta property=\"og:locale\" content=\"vi_VN\" \/>\n<meta property=\"og:type\" content=\"article\" \/>\n<meta property=\"og:title\" content=\"Tin t\u1ee9c ho\u1ea1t \u0111\u1ed9ng - Ch\u1ee7 t\u1ecbch danh d\u1ef1 Zahng Gil Jah\" \/>\n<meta property=\"og:description\" content=\"\u0110\u00e2y l\u00e0 tin t\u1ee9c ho\u1ea1t \u0111\u1ed9ng &amp; c\u00f4ng t\u00e1c ph\u00fac l\u1ee3i \u0111a g\u00f3c \u0111\u1ed9 c\u1ee7a Ch\u1ee7 t\u1ecbch Zahng Gil Jah v\u00ec b\u1ea3o v\u1ec7 nh\u00e2n quy\u1ec1n ph\u1ee5 n\u1eef, chi vi\u1ec7n ng\u01b0\u1eddi y\u1ebfu th\u1ebf x\u00e3 h\u1ed9i, chi vi\u1ec7n th\u1ebf h\u1ec7 t\u01b0\u01a1ng lai, hi\u1ec7p l\u1ef1c h\u00f2a b\u00ecnh qu\u1ed1c t\u1ebf v.v...\" \/>\n<meta property=\"og:url\" content=\"https:\/\/zahnggiljah.com\/vi\/news\/\" \/>\n<meta property=\"og:site_name\" content=\"Ch\u1ee7 t\u1ecbch danh d\u1ef1 Zahng Gil Jah\" \/>\n<meta property=\"article:modified_time\" content=\"2020-10-21T02:26:46+00:00\" \/>\n<meta property=\"og:image\" content=\"https:\/\/zahnggiljah.com\/wp-content\/uploads\/2020\/10\/news-visual.jpg\" \/>\n\t<meta property=\"og:image:width\" content=\"1200\" \/>\n\t<meta property=\"og:image:height\" content=\"770\" \/>\n\t<meta property=\"og:image:type\" content=\"image\/jpeg\" \/>\n<meta name=\"twitter:card\" content=\"summary_large_image\" \/>\n<script type=\"application\/ld+json\" class=\"yoast-schema-graph\">{\"@context\":\"https:\/\/schema.org\",\"@graph\":[{\"@type\":\"WebPage\",\"@id\":\"https:\/\/zahnggiljah.com\/vi\/news\/\",\"url\":\"https:\/\/zahnggiljah.com\/vi\/news\/\",\"name\":\"Tin t\u1ee9c ho\u1ea1t \u0111\u1ed9ng - Ch\u1ee7 t\u1ecbch danh d\u1ef1 Zahng Gil Jah\",\"isPartOf\":{\"@id\":\"https:\/\/zahnggiljah.com\/vi\/#website\"},\"primaryImageOfPage\":{\"@id\":\"https:\/\/zahnggiljah.com\/vi\/news\/#primaryimage\"},\"image\":{\"@id\":\"https:\/\/zahnggiljah.com\/vi\/news\/#primaryimage\"},\"thumbnailUrl\":\"https:\/\/zahnggiljah.com\/wp-content\/uploads\/2020\/10\/news-visual.jpg\",\"datePublished\":\"2020-01-22T16:00:16+00:00\",\"dateModified\":\"2020-10-21T02:26:46+00:00\",\"description\":\"\u0110\u00e2y l\u00e0 tin t\u1ee9c ho\u1ea1t \u0111\u1ed9ng & c\u00f4ng t\u00e1c ph\u00fac l\u1ee3i \u0111a g\u00f3c \u0111\u1ed9 c\u1ee7a Ch\u1ee7 t\u1ecbch Zahng Gil Jah v\u00ec b\u1ea3o v\u1ec7 nh\u00e2n quy\u1ec1n ph\u1ee5 n\u1eef, chi vi\u1ec7n ng\u01b0\u1eddi y\u1ebfu th\u1ebf x\u00e3 h\u1ed9i, chi vi\u1ec7n th\u1ebf h\u1ec7 t\u01b0\u01a1ng lai, hi\u1ec7p l\u1ef1c h\u00f2a b\u00ecnh qu\u1ed1c t\u1ebf v.v...\",\"breadcrumb\":{\"@id\":\"https:\/\/zahnggiljah.com\/vi\/news\/#breadcrumb\"},\"inLanguage\":\"vi-VN\",\"potentialAction\":[{\"@type\":\"ReadAction\",\"target\":[\"https:\/\/zahnggiljah.com\/vi\/news\/\"]}]},{\"@type\":\"ImageObject\",\"inLanguage\":\"vi-VN\",\"@id\":\"https:\/\/zahnggiljah.com\/vi\/news\/#primaryimage\",\"url\":\"https:\/\/zahnggiljah.com\/wp-content\/uploads\/2020\/10\/news-visual.jpg\",\"contentUrl\":\"https:\/\/zahnggiljah.com\/wp-content\/uploads\/2020\/10\/news-visual.jpg\",\"width\":1200,\"height\":770},{\"@type\":\"BreadcrumbList\",\"@id\":\"https:\/\/zahnggiljah.com\/vi\/news\/#breadcrumb\",\"itemListElement\":[{\"@type\":\"ListItem\",\"position\":1,\"name\":\"Home\",\"item\":\"https:\/\/zahnggiljah.com\/vi\/\"},{\"@type\":\"ListItem\",\"position\":2,\"name\":\"Tin t\u1ee9c ho\u1ea1t \u0111\u1ed9ng\"}]},{\"@type\":\"WebSite\",\"@id\":\"https:\/\/zahnggiljah.com\/vi\/#website\",\"url\":\"https:\/\/zahnggiljah.com\/vi\/\",\"name\":\"\uc7a5\uae38\uc790 \uba85\uc608\ud68c\uc7a5\",\"description\":\"Trang Web ch\u00ednh th\u1ee9c\",\"potentialAction\":[{\"@type\":\"SearchAction\",\"target\":{\"@type\":\"EntryPoint\",\"urlTemplate\":\"https:\/\/zahnggiljah.com\/vi\/?s={search_term_string}\"},\"query-input\":{\"@type\":\"PropertyValueSpecification\",\"valueRequired\":true,\"valueName\":\"search_term_string\"}}],\"inLanguage\":\"vi-VN\"}]}<\/script>\n<!-- \/ Yoast SEO plugin. -->","yoast_head_json":{"title":"Tin t\u1ee9c ho\u1ea1t \u0111\u1ed9ng - Ch\u1ee7 t\u1ecbch danh d\u1ef1 Zahng Gil Jah","description":"\u0110\u00e2y l\u00e0 tin t\u1ee9c ho\u1ea1t \u0111\u1ed9ng & c\u00f4ng t\u00e1c ph\u00fac l\u1ee3i \u0111a g\u00f3c \u0111\u1ed9 c\u1ee7a Ch\u1ee7 t\u1ecbch Zahng Gil Jah v\u00ec b\u1ea3o v\u1ec7 nh\u00e2n quy\u1ec1n ph\u1ee5 n\u1eef, chi vi\u1ec7n ng\u01b0\u1eddi y\u1ebfu th\u1ebf x\u00e3 h\u1ed9i, chi vi\u1ec7n th\u1ebf h\u1ec7 t\u01b0\u01a1ng lai, hi\u1ec7p l\u1ef1c h\u00f2a b\u00ecnh qu\u1ed1c t\u1ebf v.v...","robots":{"index":"index","follow":"follow","max-snippet":"max-snippet:-1","max-image-preview":"max-image-preview:large","max-video-preview":"max-video-preview:-1"},"canonical":"https:\/\/zahnggiljah.com\/vi\/news\/","og_locale":"vi_VN","og_type":"article","og_title":"Tin t\u1ee9c ho\u1ea1t \u0111\u1ed9ng - Ch\u1ee7 t\u1ecbch danh d\u1ef1 Zahng Gil Jah","og_description":"\u0110\u00e2y l\u00e0 tin t\u1ee9c ho\u1ea1t \u0111\u1ed9ng & c\u00f4ng t\u00e1c ph\u00fac l\u1ee3i \u0111a g\u00f3c \u0111\u1ed9 c\u1ee7a Ch\u1ee7 t\u1ecbch Zahng Gil Jah v\u00ec b\u1ea3o v\u1ec7 nh\u00e2n quy\u1ec1n ph\u1ee5 n\u1eef, chi vi\u1ec7n ng\u01b0\u1eddi y\u1ebfu th\u1ebf x\u00e3 h\u1ed9i, chi vi\u1ec7n th\u1ebf h\u1ec7 t\u01b0\u01a1ng lai, hi\u1ec7p l\u1ef1c h\u00f2a b\u00ecnh qu\u1ed1c t\u1ebf v.v...","og_url":"https:\/\/zahnggiljah.com\/vi\/news\/","og_site_name":"Ch\u1ee7 t\u1ecbch danh d\u1ef1 Zahng Gil Jah","article_modified_time":"2020-10-21T02:26:46+00:00","og_image":[{"width":1200,"height":770,"url":"https:\/\/zahnggiljah.com\/wp-content\/uploads\/2020\/10\/news-visual.jpg","type":"image\/jpeg"}],"twitter_card":"summary_large_image","schema":{"@context":"https:\/\/schema.org","@graph":[{"@type":"WebPage","@id":"https:\/\/zahnggiljah.com\/vi\/news\/","url":"https:\/\/zahnggiljah.com\/vi\/news\/","name":"Tin t\u1ee9c ho\u1ea1t \u0111\u1ed9ng - Ch\u1ee7 t\u1ecbch danh d\u1ef1 Zahng Gil Jah","isPartOf":{"@id":"https:\/\/zahnggiljah.com\/vi\/#website"},"primaryImageOfPage":{"@id":"https:\/\/zahnggiljah.com\/vi\/news\/#primaryimage"},"image":{"@id":"https:\/\/zahnggiljah.com\/vi\/news\/#primaryimage"},"thumbnailUrl":"https:\/\/zahnggiljah.com\/wp-content\/uploads\/2020\/10\/news-visual.jpg","datePublished":"2020-01-22T16:00:16+00:00","dateModified":"2020-10-21T02:26:46+00:00","description":"\u0110\u00e2y l\u00e0 tin t\u1ee9c ho\u1ea1t \u0111\u1ed9ng & c\u00f4ng t\u00e1c ph\u00fac l\u1ee3i \u0111a g\u00f3c \u0111\u1ed9 c\u1ee7a Ch\u1ee7 t\u1ecbch Zahng Gil Jah v\u00ec b\u1ea3o v\u1ec7 nh\u00e2n quy\u1ec1n ph\u1ee5 n\u1eef, chi vi\u1ec7n ng\u01b0\u1eddi y\u1ebfu th\u1ebf x\u00e3 h\u1ed9i, chi vi\u1ec7n th\u1ebf h\u1ec7 t\u01b0\u01a1ng lai, hi\u1ec7p l\u1ef1c h\u00f2a b\u00ecnh qu\u1ed1c t\u1ebf v.v...","breadcrumb":{"@id":"https:\/\/zahnggiljah.com\/vi\/news\/#breadcrumb"},"inLanguage":"vi-VN","potentialAction":[{"@type":"ReadAction","target":["https:\/\/zahnggiljah.com\/vi\/news\/"]}]},{"@type":"ImageObject","inLanguage":"vi-VN","@id":"https:\/\/zahnggiljah.com\/vi\/news\/#primaryimage","url":"https:\/\/zahnggiljah.com\/wp-content\/uploads\/2020\/10\/news-visual.jpg","contentUrl":"https:\/\/zahnggiljah.com\/wp-content\/uploads\/2020\/10\/news-visual.jpg","width":1200,"height":770},{"@type":"BreadcrumbList","@id":"https:\/\/zahnggiljah.com\/vi\/news\/#breadcrumb","itemListElement":[{"@type":"ListItem","position":1,"name":"Home","item":"https:\/\/zahnggiljah.com\/vi\/"},{"@type":"ListItem","position":2,"name":"Tin t\u1ee9c ho\u1ea1t \u0111\u1ed9ng"}]},{"@type":"WebSite","@id":"https:\/\/zahnggiljah.com\/vi\/#website","url":"https:\/\/zahnggiljah.com\/vi\/","name":"\uc7a5\uae38\uc790 \uba85\uc608\ud68c\uc7a5","description":"Trang Web ch\u00ednh th\u1ee9c","potentialAction":[{"@type":"SearchAction","target":{"@type":"EntryPoint","urlTemplate":"https:\/\/zahnggiljah.com\/vi\/?s={search_term_string}"},"query-input":{"@type":"PropertyValueSpecification","valueRequired":true,"valueName":"search_term_string"}}],"inLanguage":"vi-VN"}]}},"_links":{"self":[{"href":"https:\/\/zahnggiljah.com\/vi\/wp-json\/wp\/v2\/pages\/1012","targetHints":{"allow":["GET"]}}],"collection":[{"href":"https:\/\/zahnggiljah.com\/vi\/wp-json\/wp\/v2\/pages"}],"about":[{"href":"https:\/\/zahnggiljah.com\/vi\/wp-json\/wp\/v2\/types\/page"}],"author":[{"embeddable":true,"href":"https:\/\/zahnggiljah.com\/vi\/wp-json\/wp\/v2\/users\/12"}],"replies":[{"embeddable":true,"href":"https:\/\/zahnggiljah.com\/vi\/wp-json\/wp\/v2\/comments?post=1012"}],"version-history":[{"count":1,"href":"https:\/\/zahnggiljah.com\/vi\/wp-json\/wp\/v2\/pages\/1012\/revisions"}],"predecessor-version":[{"id":1013,"href":"https:\/\/zahnggiljah.com\/vi\/wp-json\/wp\/v2\/pages\/1012\/revisions\/1013"}],"wp:featuredmedia":[{"embeddable":true,"href":"https:\/\/zahnggiljah.com\/vi\/wp-json\/wp\/v2\/media\/2443"}],"wp:attachment":[{"href":"https:\/\/zahnggiljah.com\/vi\/wp-json\/wp\/v2\/media?parent=1012"}],"curies":[{"name":"wp","href":"https:\/\/api.w.org\/{rel}","templated":true}]}}