{"id":1009,"date":"2020-01-22T01:48:09","date_gmt":"2020-01-21T16:48:09","guid":{"rendered":"https:\/\/zahnggiljah.com\/project\/"},"modified":"2026-01-12T16:21:04","modified_gmt":"2026-01-12T07:21:04","slug":"project","status":"publish","type":"page","link":"https:\/\/zahnggiljah.com\/vi\/project\/","title":{"rendered":"D\u1ef1 \u00e1n"},"content":{"rendered":"","protected":false},"excerpt":{"rendered":"","protected":false},"author":12,"featured_media":2448,"parent":0,"menu_order":0,"comment_status":"closed","ping_status":"closed","template":"","meta":{"footnotes":""},"class_list":["post-1009","page","type-page","status-publish","has-post-thumbnail","hentry"],"yoast_head":"<!-- This site is optimized with the Yoast SEO plugin v25.1 - https:\/\/yoast.com\/wordpress\/plugins\/seo\/ -->\n<title>D\u1ef1 \u00e1n - Ch\u1ee7 t\u1ecbch danh d\u1ef1 Zahng Gil Jah<\/title>\n<meta name=\"description\" content=\"V\u1edbi t\u1ea5m l\u00f2ng c\u1ee7a m\u1eb9, coi c\u1ea3 lo\u00e0i ng\u01b0\u1eddi l\u00e0 \u201cgia \u0111\u00ecnh l\u00e0ng \u0111\u1ecba c\u1ea7u\u201d, Ch\u1ee7 t\u1ecbch danh d\u1ef1 Zahng Gil Jah ho\u1ea1t \u0111\u1ed9ng b\u1ea3o v\u1ec7 nh\u00e2n quy\u1ec1n c\u1ee7a ph\u1ee5 n\u1eef, t\u1ea1o d\u1ef1ng x\u00e3 h\u1ed9i kh\u00f4ng ph\u00e2n bi\u1ec7t ng\u01b0\u1eddi y\u1ebfu th\u1ebf, chi vi\u1ec7n gi\u00e1o d\u1ee5c v\u00ec th\u1ebf h\u1ec7 t\u01b0\u01a1ng lai, \u0111\u1ed1i \u1ee9ng bi\u1ebfn \u0111\u1ed5i kh\u00ed h\u1eadu &amp; b\u1ea3o v\u1ec7 m\u00f4i tr\u01b0\u1eddng tr\u00e1i \u0111\u1ea5t, th\u1ef1c hi\u1ec7n h\u00f2a b\u00ecnh qu\u1ed1c t\u1ebf v\u00e0 th\u1ebf gian kh\u00f4ng c\u00f3 chi\u1ebfn tranh.\" \/>\n<meta name=\"robots\" content=\"index, follow, max-snippet:-1, max-image-preview:large, max-video-preview:-1\" \/>\n<link rel=\"canonical\" href=\"https:\/\/zahnggiljah.com\/vi\/project\/\" \/>\n<meta property=\"og:locale\" content=\"vi_VN\" \/>\n<meta property=\"og:type\" content=\"article\" \/>\n<meta property=\"og:title\" content=\"D\u1ef1 \u00e1n - Ch\u1ee7 t\u1ecbch danh d\u1ef1 Zahng Gil Jah\" \/>\n<meta property=\"og:description\" content=\"V\u1edbi t\u1ea5m l\u00f2ng c\u1ee7a m\u1eb9, coi c\u1ea3 lo\u00e0i ng\u01b0\u1eddi l\u00e0 \u201cgia \u0111\u00ecnh l\u00e0ng \u0111\u1ecba c\u1ea7u\u201d, Ch\u1ee7 t\u1ecbch danh d\u1ef1 Zahng Gil Jah ho\u1ea1t \u0111\u1ed9ng b\u1ea3o v\u1ec7 nh\u00e2n quy\u1ec1n c\u1ee7a ph\u1ee5 n\u1eef, t\u1ea1o d\u1ef1ng x\u00e3 h\u1ed9i kh\u00f4ng ph\u00e2n bi\u1ec7t ng\u01b0\u1eddi y\u1ebfu th\u1ebf, chi vi\u1ec7n gi\u00e1o d\u1ee5c v\u00ec th\u1ebf h\u1ec7 t\u01b0\u01a1ng lai, \u0111\u1ed1i \u1ee9ng bi\u1ebfn \u0111\u1ed5i kh\u00ed h\u1eadu &amp; b\u1ea3o v\u1ec7 m\u00f4i tr\u01b0\u1eddng tr\u00e1i \u0111\u1ea5t, th\u1ef1c hi\u1ec7n h\u00f2a b\u00ecnh qu\u1ed1c t\u1ebf v\u00e0 th\u1ebf gian kh\u00f4ng c\u00f3 chi\u1ebfn tranh.\" \/>\n<meta property=\"og:url\" content=\"https:\/\/zahnggiljah.com\/vi\/project\/\" \/>\n<meta property=\"og:site_name\" content=\"Ch\u1ee7 t\u1ecbch danh d\u1ef1 Zahng Gil Jah\" \/>\n<meta property=\"article:modified_time\" content=\"2026-01-12T07:21:04+00:00\" \/>\n<meta property=\"og:image\" content=\"https:\/\/zahnggiljah.com\/wp-content\/uploads\/2020\/10\/project-visual.jpg\" \/>\n\t<meta property=\"og:image:width\" content=\"1920\" \/>\n\t<meta property=\"og:image:height\" content=\"1120\" \/>\n\t<meta property=\"og:image:type\" content=\"image\/jpeg\" \/>\n<meta name=\"twitter:card\" content=\"summary_large_image\" \/>\n<script type=\"application\/ld+json\" class=\"yoast-schema-graph\">{\"@context\":\"https:\/\/schema.org\",\"@graph\":[{\"@type\":\"WebPage\",\"@id\":\"https:\/\/zahnggiljah.com\/vi\/project\/\",\"url\":\"https:\/\/zahnggiljah.com\/vi\/project\/\",\"name\":\"D\u1ef1 \u00e1n - Ch\u1ee7 t\u1ecbch danh d\u1ef1 Zahng Gil Jah\",\"isPartOf\":{\"@id\":\"https:\/\/zahnggiljah.com\/vi\/#website\"},\"primaryImageOfPage\":{\"@id\":\"https:\/\/zahnggiljah.com\/vi\/project\/#primaryimage\"},\"image\":{\"@id\":\"https:\/\/zahnggiljah.com\/vi\/project\/#primaryimage\"},\"thumbnailUrl\":\"https:\/\/zahnggiljah.com\/wp-content\/uploads\/2020\/10\/project-visual.jpg\",\"datePublished\":\"2020-01-21T16:48:09+00:00\",\"dateModified\":\"2026-01-12T07:21:04+00:00\",\"description\":\"V\u1edbi t\u1ea5m l\u00f2ng c\u1ee7a m\u1eb9, coi c\u1ea3 lo\u00e0i ng\u01b0\u1eddi l\u00e0 \u201cgia \u0111\u00ecnh l\u00e0ng \u0111\u1ecba c\u1ea7u\u201d, Ch\u1ee7 t\u1ecbch danh d\u1ef1 Zahng Gil Jah ho\u1ea1t \u0111\u1ed9ng b\u1ea3o v\u1ec7 nh\u00e2n quy\u1ec1n c\u1ee7a ph\u1ee5 n\u1eef, t\u1ea1o d\u1ef1ng x\u00e3 h\u1ed9i kh\u00f4ng ph\u00e2n bi\u1ec7t ng\u01b0\u1eddi y\u1ebfu th\u1ebf, chi vi\u1ec7n gi\u00e1o d\u1ee5c v\u00ec th\u1ebf h\u1ec7 t\u01b0\u01a1ng lai, \u0111\u1ed1i \u1ee9ng bi\u1ebfn \u0111\u1ed5i kh\u00ed h\u1eadu & b\u1ea3o v\u1ec7 m\u00f4i tr\u01b0\u1eddng tr\u00e1i \u0111\u1ea5t, th\u1ef1c hi\u1ec7n h\u00f2a b\u00ecnh qu\u1ed1c t\u1ebf v\u00e0 th\u1ebf gian kh\u00f4ng c\u00f3 chi\u1ebfn tranh.\",\"breadcrumb\":{\"@id\":\"https:\/\/zahnggiljah.com\/vi\/project\/#breadcrumb\"},\"inLanguage\":\"vi-VN\",\"potentialAction\":[{\"@type\":\"ReadAction\",\"target\":[\"https:\/\/zahnggiljah.com\/vi\/project\/\"]}]},{\"@type\":\"ImageObject\",\"inLanguage\":\"vi-VN\",\"@id\":\"https:\/\/zahnggiljah.com\/vi\/project\/#primaryimage\",\"url\":\"https:\/\/zahnggiljah.com\/wp-content\/uploads\/2020\/10\/project-visual.jpg\",\"contentUrl\":\"https:\/\/zahnggiljah.com\/wp-content\/uploads\/2020\/10\/project-visual.jpg\",\"width\":1920,\"height\":1120},{\"@type\":\"BreadcrumbList\",\"@id\":\"https:\/\/zahnggiljah.com\/vi\/project\/#breadcrumb\",\"itemListElement\":[{\"@type\":\"ListItem\",\"position\":1,\"name\":\"Home\",\"item\":\"https:\/\/zahnggiljah.com\/vi\/\"},{\"@type\":\"ListItem\",\"position\":2,\"name\":\"D\u1ef1 \u00e1n\"}]},{\"@type\":\"WebSite\",\"@id\":\"https:\/\/zahnggiljah.com\/vi\/#website\",\"url\":\"https:\/\/zahnggiljah.com\/vi\/\",\"name\":\"\uc7a5\uae38\uc790 \uba85\uc608\ud68c\uc7a5\",\"description\":\"Trang Web ch\u00ednh th\u1ee9c\",\"potentialAction\":[{\"@type\":\"SearchAction\",\"target\":{\"@type\":\"EntryPoint\",\"urlTemplate\":\"https:\/\/zahnggiljah.com\/vi\/?s={search_term_string}\"},\"query-input\":{\"@type\":\"PropertyValueSpecification\",\"valueRequired\":true,\"valueName\":\"search_term_string\"}}],\"inLanguage\":\"vi-VN\"}]}<\/script>\n<!-- \/ Yoast SEO plugin. -->","yoast_head_json":{"title":"D\u1ef1 \u00e1n - Ch\u1ee7 t\u1ecbch danh d\u1ef1 Zahng Gil Jah","description":"V\u1edbi t\u1ea5m l\u00f2ng c\u1ee7a m\u1eb9, coi c\u1ea3 lo\u00e0i ng\u01b0\u1eddi l\u00e0 \u201cgia \u0111\u00ecnh l\u00e0ng \u0111\u1ecba c\u1ea7u\u201d, Ch\u1ee7 t\u1ecbch danh d\u1ef1 Zahng Gil Jah ho\u1ea1t \u0111\u1ed9ng b\u1ea3o v\u1ec7 nh\u00e2n quy\u1ec1n c\u1ee7a ph\u1ee5 n\u1eef, t\u1ea1o d\u1ef1ng x\u00e3 h\u1ed9i kh\u00f4ng ph\u00e2n bi\u1ec7t ng\u01b0\u1eddi y\u1ebfu th\u1ebf, chi vi\u1ec7n gi\u00e1o d\u1ee5c v\u00ec th\u1ebf h\u1ec7 t\u01b0\u01a1ng lai, \u0111\u1ed1i \u1ee9ng bi\u1ebfn \u0111\u1ed5i kh\u00ed h\u1eadu & b\u1ea3o v\u1ec7 m\u00f4i tr\u01b0\u1eddng tr\u00e1i \u0111\u1ea5t, th\u1ef1c hi\u1ec7n h\u00f2a b\u00ecnh qu\u1ed1c t\u1ebf v\u00e0 th\u1ebf gian kh\u00f4ng c\u00f3 chi\u1ebfn tranh.","robots":{"index":"index","follow":"follow","max-snippet":"max-snippet:-1","max-image-preview":"max-image-preview:large","max-video-preview":"max-video-preview:-1"},"canonical":"https:\/\/zahnggiljah.com\/vi\/project\/","og_locale":"vi_VN","og_type":"article","og_title":"D\u1ef1 \u00e1n - Ch\u1ee7 t\u1ecbch danh d\u1ef1 Zahng Gil Jah","og_description":"V\u1edbi t\u1ea5m l\u00f2ng c\u1ee7a m\u1eb9, coi c\u1ea3 lo\u00e0i ng\u01b0\u1eddi l\u00e0 \u201cgia \u0111\u00ecnh l\u00e0ng \u0111\u1ecba c\u1ea7u\u201d, Ch\u1ee7 t\u1ecbch danh d\u1ef1 Zahng Gil Jah ho\u1ea1t \u0111\u1ed9ng b\u1ea3o v\u1ec7 nh\u00e2n quy\u1ec1n c\u1ee7a ph\u1ee5 n\u1eef, t\u1ea1o d\u1ef1ng x\u00e3 h\u1ed9i kh\u00f4ng ph\u00e2n bi\u1ec7t ng\u01b0\u1eddi y\u1ebfu th\u1ebf, chi vi\u1ec7n gi\u00e1o d\u1ee5c v\u00ec th\u1ebf h\u1ec7 t\u01b0\u01a1ng lai, \u0111\u1ed1i \u1ee9ng bi\u1ebfn \u0111\u1ed5i kh\u00ed h\u1eadu & b\u1ea3o v\u1ec7 m\u00f4i tr\u01b0\u1eddng tr\u00e1i \u0111\u1ea5t, th\u1ef1c hi\u1ec7n h\u00f2a b\u00ecnh qu\u1ed1c t\u1ebf v\u00e0 th\u1ebf gian kh\u00f4ng c\u00f3 chi\u1ebfn tranh.","og_url":"https:\/\/zahnggiljah.com\/vi\/project\/","og_site_name":"Ch\u1ee7 t\u1ecbch danh d\u1ef1 Zahng Gil Jah","article_modified_time":"2026-01-12T07:21:04+00:00","og_image":[{"width":1920,"height":1120,"url":"https:\/\/zahnggiljah.com\/wp-content\/uploads\/2020\/10\/project-visual.jpg","type":"image\/jpeg"}],"twitter_card":"summary_large_image","schema":{"@context":"https:\/\/schema.org","@graph":[{"@type":"WebPage","@id":"https:\/\/zahnggiljah.com\/vi\/project\/","url":"https:\/\/zahnggiljah.com\/vi\/project\/","name":"D\u1ef1 \u00e1n - Ch\u1ee7 t\u1ecbch danh d\u1ef1 Zahng Gil Jah","isPartOf":{"@id":"https:\/\/zahnggiljah.com\/vi\/#website"},"primaryImageOfPage":{"@id":"https:\/\/zahnggiljah.com\/vi\/project\/#primaryimage"},"image":{"@id":"https:\/\/zahnggiljah.com\/vi\/project\/#primaryimage"},"thumbnailUrl":"https:\/\/zahnggiljah.com\/wp-content\/uploads\/2020\/10\/project-visual.jpg","datePublished":"2020-01-21T16:48:09+00:00","dateModified":"2026-01-12T07:21:04+00:00","description":"V\u1edbi t\u1ea5m l\u00f2ng c\u1ee7a m\u1eb9, coi c\u1ea3 lo\u00e0i ng\u01b0\u1eddi l\u00e0 \u201cgia \u0111\u00ecnh l\u00e0ng \u0111\u1ecba c\u1ea7u\u201d, Ch\u1ee7 t\u1ecbch danh d\u1ef1 Zahng Gil Jah ho\u1ea1t \u0111\u1ed9ng b\u1ea3o v\u1ec7 nh\u00e2n quy\u1ec1n c\u1ee7a ph\u1ee5 n\u1eef, t\u1ea1o d\u1ef1ng x\u00e3 h\u1ed9i kh\u00f4ng ph\u00e2n bi\u1ec7t ng\u01b0\u1eddi y\u1ebfu th\u1ebf, chi vi\u1ec7n gi\u00e1o d\u1ee5c v\u00ec th\u1ebf h\u1ec7 t\u01b0\u01a1ng lai, \u0111\u1ed1i \u1ee9ng bi\u1ebfn \u0111\u1ed5i kh\u00ed h\u1eadu & b\u1ea3o v\u1ec7 m\u00f4i tr\u01b0\u1eddng tr\u00e1i \u0111\u1ea5t, th\u1ef1c hi\u1ec7n h\u00f2a b\u00ecnh qu\u1ed1c t\u1ebf v\u00e0 th\u1ebf gian kh\u00f4ng c\u00f3 chi\u1ebfn tranh.","breadcrumb":{"@id":"https:\/\/zahnggiljah.com\/vi\/project\/#breadcrumb"},"inLanguage":"vi-VN","potentialAction":[{"@type":"ReadAction","target":["https:\/\/zahnggiljah.com\/vi\/project\/"]}]},{"@type":"ImageObject","inLanguage":"vi-VN","@id":"https:\/\/zahnggiljah.com\/vi\/project\/#primaryimage","url":"https:\/\/zahnggiljah.com\/wp-content\/uploads\/2020\/10\/project-visual.jpg","contentUrl":"https:\/\/zahnggiljah.com\/wp-content\/uploads\/2020\/10\/project-visual.jpg","width":1920,"height":1120},{"@type":"BreadcrumbList","@id":"https:\/\/zahnggiljah.com\/vi\/project\/#breadcrumb","itemListElement":[{"@type":"ListItem","position":1,"name":"Home","item":"https:\/\/zahnggiljah.com\/vi\/"},{"@type":"ListItem","position":2,"name":"D\u1ef1 \u00e1n"}]},{"@type":"WebSite","@id":"https:\/\/zahnggiljah.com\/vi\/#website","url":"https:\/\/zahnggiljah.com\/vi\/","name":"\uc7a5\uae38\uc790 \uba85\uc608\ud68c\uc7a5","description":"Trang Web ch\u00ednh th\u1ee9c","potentialAction":[{"@type":"SearchAction","target":{"@type":"EntryPoint","urlTemplate":"https:\/\/zahnggiljah.com\/vi\/?s={search_term_string}"},"query-input":{"@type":"PropertyValueSpecification","valueRequired":true,"valueName":"search_term_string"}}],"inLanguage":"vi-VN"}]}},"_links":{"self":[{"href":"https:\/\/zahnggiljah.com\/vi\/wp-json\/wp\/v2\/pages\/1009","targetHints":{"allow":["GET"]}}],"collection":[{"href":"https:\/\/zahnggiljah.com\/vi\/wp-json\/wp\/v2\/pages"}],"about":[{"href":"https:\/\/zahnggiljah.com\/vi\/wp-json\/wp\/v2\/types\/page"}],"author":[{"embeddable":true,"href":"https:\/\/zahnggiljah.com\/vi\/wp-json\/wp\/v2\/users\/12"}],"replies":[{"embeddable":true,"href":"https:\/\/zahnggiljah.com\/vi\/wp-json\/wp\/v2\/comments?post=1009"}],"version-history":[{"count":1,"href":"https:\/\/zahnggiljah.com\/vi\/wp-json\/wp\/v2\/pages\/1009\/revisions"}],"predecessor-version":[{"id":1010,"href":"https:\/\/zahnggiljah.com\/vi\/wp-json\/wp\/v2\/pages\/1009\/revisions\/1010"}],"wp:featuredmedia":[{"embeddable":true,"href":"https:\/\/zahnggiljah.com\/vi\/wp-json\/wp\/v2\/media\/2448"}],"wp:attachment":[{"href":"https:\/\/zahnggiljah.com\/vi\/wp-json\/wp\/v2\/media?parent=1009"}],"curies":[{"name":"wp","href":"https:\/\/api.w.org\/{rel}","templated":true}]}}