{"id":1006,"date":"2020-02-04T04:32:10","date_gmt":"2020-02-03T19:32:10","guid":{"rendered":"https:\/\/zahnggiljah.com\/about-index\/award\/"},"modified":"2020-10-21T16:29:19","modified_gmt":"2020-10-21T07:29:19","slug":"award","status":"publish","type":"page","link":"https:\/\/zahnggiljah.com\/vi\/award\/","title":{"rendered":"Gi\u1ea3i th\u01b0\u1edfng ch\u1ee7 y\u1ebfu"},"content":{"rendered":"","protected":false},"excerpt":{"rendered":"","protected":false},"author":12,"featured_media":2458,"parent":994,"menu_order":4,"comment_status":"closed","ping_status":"closed","template":"","meta":{"footnotes":""},"class_list":["post-1006","page","type-page","status-publish","has-post-thumbnail","hentry"],"yoast_head":"<!-- This site is optimized with the Yoast SEO plugin v25.1 - https:\/\/yoast.com\/wordpress\/plugins\/seo\/ -->\n<title>Gi\u1ea3i th\u01b0\u1edfng ch\u1ee7 y\u1ebfu - Ch\u1ee7 t\u1ecbch danh d\u1ef1 Zahng Gil Jah<\/title>\n<meta name=\"description\" content=\"C\u00e1c n\u01b0\u1edbc tr\u00ean th\u1ebf gi\u1edbi g\u1eedi l\u1eddi khen ng\u1ee3i v\u00e0 \u1ee7ng h\u1ed9 t\u1edbi ho\u1ea1t \u0111\u1ed9ng ch\u1ee7 ngh\u0129a nh\u00e2n \u0111\u1ea1o c\u1ee7a Ch\u1ee7 t\u1ecbch danh d\u1ef1 Zahng Gil Jah v\u01b0\u1ee3t qu\u00e1 bi\u00ean gi\u1edbi.\" \/>\n<meta name=\"robots\" content=\"index, follow, max-snippet:-1, max-image-preview:large, max-video-preview:-1\" \/>\n<link rel=\"canonical\" href=\"https:\/\/zahnggiljah.com\/vi\/award\/\" \/>\n<meta property=\"og:locale\" content=\"vi_VN\" \/>\n<meta property=\"og:type\" content=\"article\" \/>\n<meta property=\"og:title\" content=\"Gi\u1ea3i th\u01b0\u1edfng ch\u1ee7 y\u1ebfu - Ch\u1ee7 t\u1ecbch danh d\u1ef1 Zahng Gil Jah\" \/>\n<meta property=\"og:description\" content=\"C\u00e1c n\u01b0\u1edbc tr\u00ean th\u1ebf gi\u1edbi g\u1eedi l\u1eddi khen ng\u1ee3i v\u00e0 \u1ee7ng h\u1ed9 t\u1edbi ho\u1ea1t \u0111\u1ed9ng ch\u1ee7 ngh\u0129a nh\u00e2n \u0111\u1ea1o c\u1ee7a Ch\u1ee7 t\u1ecbch danh d\u1ef1 Zahng Gil Jah v\u01b0\u1ee3t qu\u00e1 bi\u00ean gi\u1edbi.\" \/>\n<meta property=\"og:url\" content=\"https:\/\/zahnggiljah.com\/vi\/award\/\" \/>\n<meta property=\"og:site_name\" content=\"Ch\u1ee7 t\u1ecbch danh d\u1ef1 Zahng Gil Jah\" \/>\n<meta property=\"article:modified_time\" content=\"2020-10-21T07:29:19+00:00\" \/>\n<meta property=\"og:image\" content=\"https:\/\/zahnggiljah.com\/wp-content\/uploads\/2020\/10\/award-visual.jpg\" \/>\n\t<meta property=\"og:image:width\" content=\"1200\" \/>\n\t<meta property=\"og:image:height\" content=\"630\" \/>\n\t<meta property=\"og:image:type\" content=\"image\/jpeg\" \/>\n<meta name=\"twitter:card\" content=\"summary_large_image\" \/>\n<script type=\"application\/ld+json\" class=\"yoast-schema-graph\">{\"@context\":\"https:\/\/schema.org\",\"@graph\":[{\"@type\":\"WebPage\",\"@id\":\"https:\/\/zahnggiljah.com\/vi\/award\/\",\"url\":\"https:\/\/zahnggiljah.com\/vi\/award\/\",\"name\":\"Gi\u1ea3i th\u01b0\u1edfng ch\u1ee7 y\u1ebfu - Ch\u1ee7 t\u1ecbch danh d\u1ef1 Zahng Gil Jah\",\"isPartOf\":{\"@id\":\"https:\/\/zahnggiljah.com\/vi\/#website\"},\"primaryImageOfPage\":{\"@id\":\"https:\/\/zahnggiljah.com\/vi\/award\/#primaryimage\"},\"image\":{\"@id\":\"https:\/\/zahnggiljah.com\/vi\/award\/#primaryimage\"},\"thumbnailUrl\":\"https:\/\/zahnggiljah.com\/wp-content\/uploads\/2020\/10\/award-visual.jpg\",\"datePublished\":\"2020-02-03T19:32:10+00:00\",\"dateModified\":\"2020-10-21T07:29:19+00:00\",\"description\":\"C\u00e1c n\u01b0\u1edbc tr\u00ean th\u1ebf gi\u1edbi g\u1eedi l\u1eddi khen ng\u1ee3i v\u00e0 \u1ee7ng h\u1ed9 t\u1edbi ho\u1ea1t \u0111\u1ed9ng ch\u1ee7 ngh\u0129a nh\u00e2n \u0111\u1ea1o c\u1ee7a Ch\u1ee7 t\u1ecbch danh d\u1ef1 Zahng Gil Jah v\u01b0\u1ee3t qu\u00e1 bi\u00ean gi\u1edbi.\",\"breadcrumb\":{\"@id\":\"https:\/\/zahnggiljah.com\/vi\/award\/#breadcrumb\"},\"inLanguage\":\"vi-VN\",\"potentialAction\":[{\"@type\":\"ReadAction\",\"target\":[\"https:\/\/zahnggiljah.com\/vi\/award\/\"]}]},{\"@type\":\"ImageObject\",\"inLanguage\":\"vi-VN\",\"@id\":\"https:\/\/zahnggiljah.com\/vi\/award\/#primaryimage\",\"url\":\"https:\/\/zahnggiljah.com\/wp-content\/uploads\/2020\/10\/award-visual.jpg\",\"contentUrl\":\"https:\/\/zahnggiljah.com\/wp-content\/uploads\/2020\/10\/award-visual.jpg\",\"width\":1200,\"height\":630},{\"@type\":\"BreadcrumbList\",\"@id\":\"https:\/\/zahnggiljah.com\/vi\/award\/#breadcrumb\",\"itemListElement\":[{\"@type\":\"ListItem\",\"position\":1,\"name\":\"Home\",\"item\":\"https:\/\/zahnggiljah.com\/vi\/\"},{\"@type\":\"ListItem\",\"position\":2,\"name\":\"Gi\u1ea3i th\u01b0\u1edfng ch\u1ee7 y\u1ebfu\"}]},{\"@type\":\"WebSite\",\"@id\":\"https:\/\/zahnggiljah.com\/vi\/#website\",\"url\":\"https:\/\/zahnggiljah.com\/vi\/\",\"name\":\"\uc7a5\uae38\uc790 \uba85\uc608\ud68c\uc7a5\",\"description\":\"Trang Web ch\u00ednh th\u1ee9c\",\"potentialAction\":[{\"@type\":\"SearchAction\",\"target\":{\"@type\":\"EntryPoint\",\"urlTemplate\":\"https:\/\/zahnggiljah.com\/vi\/?s={search_term_string}\"},\"query-input\":{\"@type\":\"PropertyValueSpecification\",\"valueRequired\":true,\"valueName\":\"search_term_string\"}}],\"inLanguage\":\"vi-VN\"}]}<\/script>\n<!-- \/ Yoast SEO plugin. -->","yoast_head_json":{"title":"Gi\u1ea3i th\u01b0\u1edfng ch\u1ee7 y\u1ebfu - Ch\u1ee7 t\u1ecbch danh d\u1ef1 Zahng Gil Jah","description":"C\u00e1c n\u01b0\u1edbc tr\u00ean th\u1ebf gi\u1edbi g\u1eedi l\u1eddi khen ng\u1ee3i v\u00e0 \u1ee7ng h\u1ed9 t\u1edbi ho\u1ea1t \u0111\u1ed9ng ch\u1ee7 ngh\u0129a nh\u00e2n \u0111\u1ea1o c\u1ee7a Ch\u1ee7 t\u1ecbch danh d\u1ef1 Zahng Gil Jah v\u01b0\u1ee3t qu\u00e1 bi\u00ean gi\u1edbi.","robots":{"index":"index","follow":"follow","max-snippet":"max-snippet:-1","max-image-preview":"max-image-preview:large","max-video-preview":"max-video-preview:-1"},"canonical":"https:\/\/zahnggiljah.com\/vi\/award\/","og_locale":"vi_VN","og_type":"article","og_title":"Gi\u1ea3i th\u01b0\u1edfng ch\u1ee7 y\u1ebfu - Ch\u1ee7 t\u1ecbch danh d\u1ef1 Zahng Gil Jah","og_description":"C\u00e1c n\u01b0\u1edbc tr\u00ean th\u1ebf gi\u1edbi g\u1eedi l\u1eddi khen ng\u1ee3i v\u00e0 \u1ee7ng h\u1ed9 t\u1edbi ho\u1ea1t \u0111\u1ed9ng ch\u1ee7 ngh\u0129a nh\u00e2n \u0111\u1ea1o c\u1ee7a Ch\u1ee7 t\u1ecbch danh d\u1ef1 Zahng Gil Jah v\u01b0\u1ee3t qu\u00e1 bi\u00ean gi\u1edbi.","og_url":"https:\/\/zahnggiljah.com\/vi\/award\/","og_site_name":"Ch\u1ee7 t\u1ecbch danh d\u1ef1 Zahng Gil Jah","article_modified_time":"2020-10-21T07:29:19+00:00","og_image":[{"width":1200,"height":630,"url":"https:\/\/zahnggiljah.com\/wp-content\/uploads\/2020\/10\/award-visual.jpg","type":"image\/jpeg"}],"twitter_card":"summary_large_image","schema":{"@context":"https:\/\/schema.org","@graph":[{"@type":"WebPage","@id":"https:\/\/zahnggiljah.com\/vi\/award\/","url":"https:\/\/zahnggiljah.com\/vi\/award\/","name":"Gi\u1ea3i th\u01b0\u1edfng ch\u1ee7 y\u1ebfu - Ch\u1ee7 t\u1ecbch danh d\u1ef1 Zahng Gil Jah","isPartOf":{"@id":"https:\/\/zahnggiljah.com\/vi\/#website"},"primaryImageOfPage":{"@id":"https:\/\/zahnggiljah.com\/vi\/award\/#primaryimage"},"image":{"@id":"https:\/\/zahnggiljah.com\/vi\/award\/#primaryimage"},"thumbnailUrl":"https:\/\/zahnggiljah.com\/wp-content\/uploads\/2020\/10\/award-visual.jpg","datePublished":"2020-02-03T19:32:10+00:00","dateModified":"2020-10-21T07:29:19+00:00","description":"C\u00e1c n\u01b0\u1edbc tr\u00ean th\u1ebf gi\u1edbi g\u1eedi l\u1eddi khen ng\u1ee3i v\u00e0 \u1ee7ng h\u1ed9 t\u1edbi ho\u1ea1t \u0111\u1ed9ng ch\u1ee7 ngh\u0129a nh\u00e2n \u0111\u1ea1o c\u1ee7a Ch\u1ee7 t\u1ecbch danh d\u1ef1 Zahng Gil Jah v\u01b0\u1ee3t qu\u00e1 bi\u00ean gi\u1edbi.","breadcrumb":{"@id":"https:\/\/zahnggiljah.com\/vi\/award\/#breadcrumb"},"inLanguage":"vi-VN","potentialAction":[{"@type":"ReadAction","target":["https:\/\/zahnggiljah.com\/vi\/award\/"]}]},{"@type":"ImageObject","inLanguage":"vi-VN","@id":"https:\/\/zahnggiljah.com\/vi\/award\/#primaryimage","url":"https:\/\/zahnggiljah.com\/wp-content\/uploads\/2020\/10\/award-visual.jpg","contentUrl":"https:\/\/zahnggiljah.com\/wp-content\/uploads\/2020\/10\/award-visual.jpg","width":1200,"height":630},{"@type":"BreadcrumbList","@id":"https:\/\/zahnggiljah.com\/vi\/award\/#breadcrumb","itemListElement":[{"@type":"ListItem","position":1,"name":"Home","item":"https:\/\/zahnggiljah.com\/vi\/"},{"@type":"ListItem","position":2,"name":"Gi\u1ea3i th\u01b0\u1edfng ch\u1ee7 y\u1ebfu"}]},{"@type":"WebSite","@id":"https:\/\/zahnggiljah.com\/vi\/#website","url":"https:\/\/zahnggiljah.com\/vi\/","name":"\uc7a5\uae38\uc790 \uba85\uc608\ud68c\uc7a5","description":"Trang Web ch\u00ednh th\u1ee9c","potentialAction":[{"@type":"SearchAction","target":{"@type":"EntryPoint","urlTemplate":"https:\/\/zahnggiljah.com\/vi\/?s={search_term_string}"},"query-input":{"@type":"PropertyValueSpecification","valueRequired":true,"valueName":"search_term_string"}}],"inLanguage":"vi-VN"}]}},"_links":{"self":[{"href":"https:\/\/zahnggiljah.com\/vi\/wp-json\/wp\/v2\/pages\/1006","targetHints":{"allow":["GET"]}}],"collection":[{"href":"https:\/\/zahnggiljah.com\/vi\/wp-json\/wp\/v2\/pages"}],"about":[{"href":"https:\/\/zahnggiljah.com\/vi\/wp-json\/wp\/v2\/types\/page"}],"author":[{"embeddable":true,"href":"https:\/\/zahnggiljah.com\/vi\/wp-json\/wp\/v2\/users\/12"}],"replies":[{"embeddable":true,"href":"https:\/\/zahnggiljah.com\/vi\/wp-json\/wp\/v2\/comments?post=1006"}],"version-history":[{"count":1,"href":"https:\/\/zahnggiljah.com\/vi\/wp-json\/wp\/v2\/pages\/1006\/revisions"}],"predecessor-version":[{"id":1007,"href":"https:\/\/zahnggiljah.com\/vi\/wp-json\/wp\/v2\/pages\/1006\/revisions\/1007"}],"up":[{"embeddable":true,"href":"https:\/\/zahnggiljah.com\/vi\/wp-json\/wp\/v2\/pages\/994"}],"wp:featuredmedia":[{"embeddable":true,"href":"https:\/\/zahnggiljah.com\/vi\/wp-json\/wp\/v2\/media\/2458"}],"wp:attachment":[{"href":"https:\/\/zahnggiljah.com\/vi\/wp-json\/wp\/v2\/media?parent=1006"}],"curies":[{"name":"wp","href":"https:\/\/api.w.org\/{rel}","templated":true}]}}