{"id":1003,"date":"2020-01-22T23:13:54","date_gmt":"2020-01-22T14:13:54","guid":{"rendered":"https:\/\/zahnggiljah.com\/about-index\/history\/"},"modified":"2020-10-21T11:25:44","modified_gmt":"2020-10-21T02:25:44","slug":"history","status":"publish","type":"page","link":"https:\/\/zahnggiljah.com\/vi\/history\/","title":{"rendered":"D\u1ea5u ch\u00e2n"},"content":{"rendered":"","protected":false},"excerpt":{"rendered":"","protected":false},"author":12,"featured_media":2438,"parent":994,"menu_order":3,"comment_status":"closed","ping_status":"closed","template":"","meta":{"footnotes":""},"class_list":["post-1003","page","type-page","status-publish","has-post-thumbnail","hentry"],"yoast_head":"<!-- This site is optimized with the Yoast SEO plugin v25.1 - https:\/\/yoast.com\/wordpress\/plugins\/seo\/ -->\n<title>D\u1ea5u ch\u00e2n - Ch\u1ee7 t\u1ecbch danh d\u1ef1 Zahng Gil Jah<\/title>\n<meta name=\"description\" content=\"Cu\u1ed9c \u0111\u1eddi c\u1ee7a Ch\u1ee7 t\u1ecbch danh d\u1ef1 Zahng Gil Jah l\u00e0 cu\u1ed9c \u0111\u1eddi c\u1ee7a m\u1eb9. B\u1ed9 h\u00e0nh \u1ea5y v\u01b0\u1ee3t qu\u00e1 H\u00e0n Qu\u1ed1c v\u00e0 gi\u00fap \u0111\u1ee1 nh\u1eefng ng\u01b0\u1eddi b\u1ecb \u0111au \u0111\u1edbn do b\u1ec7nh t\u1eadt, th\u1ea3m h\u1ecda, ngh\u00e8o \u0111\u00f3i v.v... \u1edf c\u00e1c n\u01b0\u1edbc.\" \/>\n<meta name=\"robots\" content=\"index, follow, max-snippet:-1, max-image-preview:large, max-video-preview:-1\" \/>\n<link rel=\"canonical\" href=\"https:\/\/zahnggiljah.com\/vi\/history\/\" \/>\n<meta property=\"og:locale\" content=\"vi_VN\" \/>\n<meta property=\"og:type\" content=\"article\" \/>\n<meta property=\"og:title\" content=\"D\u1ea5u ch\u00e2n - Ch\u1ee7 t\u1ecbch danh d\u1ef1 Zahng Gil Jah\" \/>\n<meta property=\"og:description\" content=\"Cu\u1ed9c \u0111\u1eddi c\u1ee7a Ch\u1ee7 t\u1ecbch danh d\u1ef1 Zahng Gil Jah l\u00e0 cu\u1ed9c \u0111\u1eddi c\u1ee7a m\u1eb9. B\u1ed9 h\u00e0nh \u1ea5y v\u01b0\u1ee3t qu\u00e1 H\u00e0n Qu\u1ed1c v\u00e0 gi\u00fap \u0111\u1ee1 nh\u1eefng ng\u01b0\u1eddi b\u1ecb \u0111au \u0111\u1edbn do b\u1ec7nh t\u1eadt, th\u1ea3m h\u1ecda, ngh\u00e8o \u0111\u00f3i v.v... \u1edf c\u00e1c n\u01b0\u1edbc.\" \/>\n<meta property=\"og:url\" content=\"https:\/\/zahnggiljah.com\/vi\/history\/\" \/>\n<meta property=\"og:site_name\" content=\"Ch\u1ee7 t\u1ecbch danh d\u1ef1 Zahng Gil Jah\" \/>\n<meta property=\"article:modified_time\" content=\"2020-10-21T02:25:44+00:00\" \/>\n<meta property=\"og:image\" content=\"https:\/\/zahnggiljah.com\/wp-content\/uploads\/2020\/10\/history-visual.jpg\" \/>\n\t<meta property=\"og:image:width\" content=\"1920\" \/>\n\t<meta property=\"og:image:height\" content=\"900\" \/>\n\t<meta property=\"og:image:type\" content=\"image\/jpeg\" \/>\n<meta name=\"twitter:card\" content=\"summary_large_image\" \/>\n<script type=\"application\/ld+json\" class=\"yoast-schema-graph\">{\"@context\":\"https:\/\/schema.org\",\"@graph\":[{\"@type\":\"WebPage\",\"@id\":\"https:\/\/zahnggiljah.com\/vi\/history\/\",\"url\":\"https:\/\/zahnggiljah.com\/vi\/history\/\",\"name\":\"D\u1ea5u ch\u00e2n - Ch\u1ee7 t\u1ecbch danh d\u1ef1 Zahng Gil Jah\",\"isPartOf\":{\"@id\":\"https:\/\/zahnggiljah.com\/vi\/#website\"},\"primaryImageOfPage\":{\"@id\":\"https:\/\/zahnggiljah.com\/vi\/history\/#primaryimage\"},\"image\":{\"@id\":\"https:\/\/zahnggiljah.com\/vi\/history\/#primaryimage\"},\"thumbnailUrl\":\"https:\/\/zahnggiljah.com\/wp-content\/uploads\/2020\/10\/history-visual.jpg\",\"datePublished\":\"2020-01-22T14:13:54+00:00\",\"dateModified\":\"2020-10-21T02:25:44+00:00\",\"description\":\"Cu\u1ed9c \u0111\u1eddi c\u1ee7a Ch\u1ee7 t\u1ecbch danh d\u1ef1 Zahng Gil Jah l\u00e0 cu\u1ed9c \u0111\u1eddi c\u1ee7a m\u1eb9. B\u1ed9 h\u00e0nh \u1ea5y v\u01b0\u1ee3t qu\u00e1 H\u00e0n Qu\u1ed1c v\u00e0 gi\u00fap \u0111\u1ee1 nh\u1eefng ng\u01b0\u1eddi b\u1ecb \u0111au \u0111\u1edbn do b\u1ec7nh t\u1eadt, th\u1ea3m h\u1ecda, ngh\u00e8o \u0111\u00f3i v.v... \u1edf c\u00e1c n\u01b0\u1edbc.\",\"breadcrumb\":{\"@id\":\"https:\/\/zahnggiljah.com\/vi\/history\/#breadcrumb\"},\"inLanguage\":\"vi-VN\",\"potentialAction\":[{\"@type\":\"ReadAction\",\"target\":[\"https:\/\/zahnggiljah.com\/vi\/history\/\"]}]},{\"@type\":\"ImageObject\",\"inLanguage\":\"vi-VN\",\"@id\":\"https:\/\/zahnggiljah.com\/vi\/history\/#primaryimage\",\"url\":\"https:\/\/zahnggiljah.com\/wp-content\/uploads\/2020\/10\/history-visual.jpg\",\"contentUrl\":\"https:\/\/zahnggiljah.com\/wp-content\/uploads\/2020\/10\/history-visual.jpg\",\"width\":1920,\"height\":900},{\"@type\":\"BreadcrumbList\",\"@id\":\"https:\/\/zahnggiljah.com\/vi\/history\/#breadcrumb\",\"itemListElement\":[{\"@type\":\"ListItem\",\"position\":1,\"name\":\"Home\",\"item\":\"https:\/\/zahnggiljah.com\/vi\/\"},{\"@type\":\"ListItem\",\"position\":2,\"name\":\"D\u1ea5u ch\u00e2n\"}]},{\"@type\":\"WebSite\",\"@id\":\"https:\/\/zahnggiljah.com\/vi\/#website\",\"url\":\"https:\/\/zahnggiljah.com\/vi\/\",\"name\":\"\uc7a5\uae38\uc790 \uba85\uc608\ud68c\uc7a5\",\"description\":\"Trang Web ch\u00ednh th\u1ee9c\",\"potentialAction\":[{\"@type\":\"SearchAction\",\"target\":{\"@type\":\"EntryPoint\",\"urlTemplate\":\"https:\/\/zahnggiljah.com\/vi\/?s={search_term_string}\"},\"query-input\":{\"@type\":\"PropertyValueSpecification\",\"valueRequired\":true,\"valueName\":\"search_term_string\"}}],\"inLanguage\":\"vi-VN\"}]}<\/script>\n<!-- \/ Yoast SEO plugin. -->","yoast_head_json":{"title":"D\u1ea5u ch\u00e2n - Ch\u1ee7 t\u1ecbch danh d\u1ef1 Zahng Gil Jah","description":"Cu\u1ed9c \u0111\u1eddi c\u1ee7a Ch\u1ee7 t\u1ecbch danh d\u1ef1 Zahng Gil Jah l\u00e0 cu\u1ed9c \u0111\u1eddi c\u1ee7a m\u1eb9. B\u1ed9 h\u00e0nh \u1ea5y v\u01b0\u1ee3t qu\u00e1 H\u00e0n Qu\u1ed1c v\u00e0 gi\u00fap \u0111\u1ee1 nh\u1eefng ng\u01b0\u1eddi b\u1ecb \u0111au \u0111\u1edbn do b\u1ec7nh t\u1eadt, th\u1ea3m h\u1ecda, ngh\u00e8o \u0111\u00f3i v.v... \u1edf c\u00e1c n\u01b0\u1edbc.","robots":{"index":"index","follow":"follow","max-snippet":"max-snippet:-1","max-image-preview":"max-image-preview:large","max-video-preview":"max-video-preview:-1"},"canonical":"https:\/\/zahnggiljah.com\/vi\/history\/","og_locale":"vi_VN","og_type":"article","og_title":"D\u1ea5u ch\u00e2n - Ch\u1ee7 t\u1ecbch danh d\u1ef1 Zahng Gil Jah","og_description":"Cu\u1ed9c \u0111\u1eddi c\u1ee7a Ch\u1ee7 t\u1ecbch danh d\u1ef1 Zahng Gil Jah l\u00e0 cu\u1ed9c \u0111\u1eddi c\u1ee7a m\u1eb9. B\u1ed9 h\u00e0nh \u1ea5y v\u01b0\u1ee3t qu\u00e1 H\u00e0n Qu\u1ed1c v\u00e0 gi\u00fap \u0111\u1ee1 nh\u1eefng ng\u01b0\u1eddi b\u1ecb \u0111au \u0111\u1edbn do b\u1ec7nh t\u1eadt, th\u1ea3m h\u1ecda, ngh\u00e8o \u0111\u00f3i v.v... \u1edf c\u00e1c n\u01b0\u1edbc.","og_url":"https:\/\/zahnggiljah.com\/vi\/history\/","og_site_name":"Ch\u1ee7 t\u1ecbch danh d\u1ef1 Zahng Gil Jah","article_modified_time":"2020-10-21T02:25:44+00:00","og_image":[{"width":1920,"height":900,"url":"https:\/\/zahnggiljah.com\/wp-content\/uploads\/2020\/10\/history-visual.jpg","type":"image\/jpeg"}],"twitter_card":"summary_large_image","schema":{"@context":"https:\/\/schema.org","@graph":[{"@type":"WebPage","@id":"https:\/\/zahnggiljah.com\/vi\/history\/","url":"https:\/\/zahnggiljah.com\/vi\/history\/","name":"D\u1ea5u ch\u00e2n - Ch\u1ee7 t\u1ecbch danh d\u1ef1 Zahng Gil Jah","isPartOf":{"@id":"https:\/\/zahnggiljah.com\/vi\/#website"},"primaryImageOfPage":{"@id":"https:\/\/zahnggiljah.com\/vi\/history\/#primaryimage"},"image":{"@id":"https:\/\/zahnggiljah.com\/vi\/history\/#primaryimage"},"thumbnailUrl":"https:\/\/zahnggiljah.com\/wp-content\/uploads\/2020\/10\/history-visual.jpg","datePublished":"2020-01-22T14:13:54+00:00","dateModified":"2020-10-21T02:25:44+00:00","description":"Cu\u1ed9c \u0111\u1eddi c\u1ee7a Ch\u1ee7 t\u1ecbch danh d\u1ef1 Zahng Gil Jah l\u00e0 cu\u1ed9c \u0111\u1eddi c\u1ee7a m\u1eb9. B\u1ed9 h\u00e0nh \u1ea5y v\u01b0\u1ee3t qu\u00e1 H\u00e0n Qu\u1ed1c v\u00e0 gi\u00fap \u0111\u1ee1 nh\u1eefng ng\u01b0\u1eddi b\u1ecb \u0111au \u0111\u1edbn do b\u1ec7nh t\u1eadt, th\u1ea3m h\u1ecda, ngh\u00e8o \u0111\u00f3i v.v... \u1edf c\u00e1c n\u01b0\u1edbc.","breadcrumb":{"@id":"https:\/\/zahnggiljah.com\/vi\/history\/#breadcrumb"},"inLanguage":"vi-VN","potentialAction":[{"@type":"ReadAction","target":["https:\/\/zahnggiljah.com\/vi\/history\/"]}]},{"@type":"ImageObject","inLanguage":"vi-VN","@id":"https:\/\/zahnggiljah.com\/vi\/history\/#primaryimage","url":"https:\/\/zahnggiljah.com\/wp-content\/uploads\/2020\/10\/history-visual.jpg","contentUrl":"https:\/\/zahnggiljah.com\/wp-content\/uploads\/2020\/10\/history-visual.jpg","width":1920,"height":900},{"@type":"BreadcrumbList","@id":"https:\/\/zahnggiljah.com\/vi\/history\/#breadcrumb","itemListElement":[{"@type":"ListItem","position":1,"name":"Home","item":"https:\/\/zahnggiljah.com\/vi\/"},{"@type":"ListItem","position":2,"name":"D\u1ea5u ch\u00e2n"}]},{"@type":"WebSite","@id":"https:\/\/zahnggiljah.com\/vi\/#website","url":"https:\/\/zahnggiljah.com\/vi\/","name":"\uc7a5\uae38\uc790 \uba85\uc608\ud68c\uc7a5","description":"Trang Web ch\u00ednh th\u1ee9c","potentialAction":[{"@type":"SearchAction","target":{"@type":"EntryPoint","urlTemplate":"https:\/\/zahnggiljah.com\/vi\/?s={search_term_string}"},"query-input":{"@type":"PropertyValueSpecification","valueRequired":true,"valueName":"search_term_string"}}],"inLanguage":"vi-VN"}]}},"_links":{"self":[{"href":"https:\/\/zahnggiljah.com\/vi\/wp-json\/wp\/v2\/pages\/1003","targetHints":{"allow":["GET"]}}],"collection":[{"href":"https:\/\/zahnggiljah.com\/vi\/wp-json\/wp\/v2\/pages"}],"about":[{"href":"https:\/\/zahnggiljah.com\/vi\/wp-json\/wp\/v2\/types\/page"}],"author":[{"embeddable":true,"href":"https:\/\/zahnggiljah.com\/vi\/wp-json\/wp\/v2\/users\/12"}],"replies":[{"embeddable":true,"href":"https:\/\/zahnggiljah.com\/vi\/wp-json\/wp\/v2\/comments?post=1003"}],"version-history":[{"count":1,"href":"https:\/\/zahnggiljah.com\/vi\/wp-json\/wp\/v2\/pages\/1003\/revisions"}],"predecessor-version":[{"id":1004,"href":"https:\/\/zahnggiljah.com\/vi\/wp-json\/wp\/v2\/pages\/1003\/revisions\/1004"}],"up":[{"embeddable":true,"href":"https:\/\/zahnggiljah.com\/vi\/wp-json\/wp\/v2\/pages\/994"}],"wp:featuredmedia":[{"embeddable":true,"href":"https:\/\/zahnggiljah.com\/vi\/wp-json\/wp\/v2\/media\/2438"}],"wp:attachment":[{"href":"https:\/\/zahnggiljah.com\/vi\/wp-json\/wp\/v2\/media?parent=1003"}],"curies":[{"name":"wp","href":"https:\/\/api.w.org\/{rel}","templated":true}]}}