{"id":5828,"date":"2020-01-22T23:13:54","date_gmt":"2020-01-22T14:13:54","guid":{"rendered":"https:\/\/zahnggiljah.com\/history\/"},"modified":"2023-11-02T13:59:53","modified_gmt":"2023-11-02T04:59:53","slug":"history","status":"publish","type":"page","link":"https:\/\/zahnggiljah.com\/pt\/history\/","title":{"rendered":"Hist\u00f3ria"},"content":{"rendered":"","protected":false},"excerpt":{"rendered":"","protected":false},"author":12,"featured_media":5829,"parent":6376,"menu_order":3,"comment_status":"closed","ping_status":"closed","template":"","meta":{"footnotes":""},"class_list":["post-5828","page","type-page","status-publish","has-post-thumbnail","hentry"],"yoast_head":"<!-- This site is optimized with the Yoast SEO plugin v25.1 - https:\/\/yoast.com\/wordpress\/plugins\/seo\/ -->\n<title>Hist\u00f3ria - Presidente Honor\u00e1ria Zahng Gil-jah<\/title>\n<meta name=\"description\" content=\"A vida da Presidente Honor\u00e1ria Zahng Gil-jah \u00e9 a vida de uma m\u00e3e. Seu trabalho vai al\u00e9m da Coreia para ajudar os que padecem de doen\u00e7as, desastres e pobreza em cada pa\u00eds.\" \/>\n<meta name=\"robots\" content=\"index, follow, max-snippet:-1, max-image-preview:large, max-video-preview:-1\" \/>\n<link rel=\"canonical\" href=\"https:\/\/zahnggiljah.com\/pt\/history\/\" \/>\n<meta property=\"og:locale\" content=\"pt_BR\" \/>\n<meta property=\"og:type\" content=\"article\" \/>\n<meta property=\"og:title\" content=\"Hist\u00f3ria - Presidente Honor\u00e1ria Zahng Gil-jah\" \/>\n<meta property=\"og:description\" content=\"A vida da Presidente Honor\u00e1ria Zahng Gil-jah \u00e9 a vida de uma m\u00e3e. Seu trabalho vai al\u00e9m da Coreia para ajudar os que padecem de doen\u00e7as, desastres e pobreza em cada pa\u00eds.\" \/>\n<meta property=\"og:url\" content=\"https:\/\/zahnggiljah.com\/pt\/history\/\" \/>\n<meta property=\"og:site_name\" content=\"Presidente Honor\u00e1ria Zahng Gil-jah\" \/>\n<meta property=\"article:modified_time\" content=\"2023-11-02T04:59:53+00:00\" \/>\n<meta property=\"og:image\" content=\"https:\/\/zahnggiljah.com\/wp-content\/uploads\/2020\/10\/history-visual.jpg\" \/>\n\t<meta property=\"og:image:width\" content=\"1920\" \/>\n\t<meta property=\"og:image:height\" content=\"900\" \/>\n\t<meta property=\"og:image:type\" content=\"image\/jpeg\" \/>\n<meta name=\"twitter:card\" content=\"summary_large_image\" \/>\n<script type=\"application\/ld+json\" class=\"yoast-schema-graph\">{\"@context\":\"https:\/\/schema.org\",\"@graph\":[{\"@type\":\"WebPage\",\"@id\":\"https:\/\/zahnggiljah.com\/pt\/history\/\",\"url\":\"https:\/\/zahnggiljah.com\/pt\/history\/\",\"name\":\"Hist\u00f3ria - Presidente Honor\u00e1ria Zahng Gil-jah\",\"isPartOf\":{\"@id\":\"https:\/\/zahnggiljah.com\/pt\/#website\"},\"primaryImageOfPage\":{\"@id\":\"https:\/\/zahnggiljah.com\/pt\/history\/#primaryimage\"},\"image\":{\"@id\":\"https:\/\/zahnggiljah.com\/pt\/history\/#primaryimage\"},\"thumbnailUrl\":\"https:\/\/zahnggiljah.com\/wp-content\/uploads\/2020\/10\/history-visual.jpg\",\"datePublished\":\"2020-01-22T14:13:54+00:00\",\"dateModified\":\"2023-11-02T04:59:53+00:00\",\"description\":\"A vida da Presidente Honor\u00e1ria Zahng Gil-jah \u00e9 a vida de uma m\u00e3e. Seu trabalho vai al\u00e9m da Coreia para ajudar os que padecem de doen\u00e7as, desastres e pobreza em cada pa\u00eds.\",\"breadcrumb\":{\"@id\":\"https:\/\/zahnggiljah.com\/pt\/history\/#breadcrumb\"},\"inLanguage\":\"pt-BR\",\"potentialAction\":[{\"@type\":\"ReadAction\",\"target\":[\"https:\/\/zahnggiljah.com\/pt\/history\/\"]}]},{\"@type\":\"ImageObject\",\"inLanguage\":\"pt-BR\",\"@id\":\"https:\/\/zahnggiljah.com\/pt\/history\/#primaryimage\",\"url\":\"https:\/\/zahnggiljah.com\/wp-content\/uploads\/2020\/10\/history-visual.jpg\",\"contentUrl\":\"https:\/\/zahnggiljah.com\/wp-content\/uploads\/2020\/10\/history-visual.jpg\",\"width\":1920,\"height\":900},{\"@type\":\"BreadcrumbList\",\"@id\":\"https:\/\/zahnggiljah.com\/pt\/history\/#breadcrumb\",\"itemListElement\":[{\"@type\":\"ListItem\",\"position\":1,\"name\":\"Home\",\"item\":\"https:\/\/zahnggiljah.com\/pt\/\"},{\"@type\":\"ListItem\",\"position\":2,\"name\":\"Hist\u00f3ria\"}]},{\"@type\":\"WebSite\",\"@id\":\"https:\/\/zahnggiljah.com\/pt\/#website\",\"url\":\"https:\/\/zahnggiljah.com\/pt\/\",\"name\":\"\uc7a5\uae38\uc790 \uba85\uc608\ud68c\uc7a5\",\"description\":\"\uacf5\uc2dd \uc6f9\uc0ac\uc774\ud2b8\",\"potentialAction\":[{\"@type\":\"SearchAction\",\"target\":{\"@type\":\"EntryPoint\",\"urlTemplate\":\"https:\/\/zahnggiljah.com\/pt\/?s={search_term_string}\"},\"query-input\":{\"@type\":\"PropertyValueSpecification\",\"valueRequired\":true,\"valueName\":\"search_term_string\"}}],\"inLanguage\":\"pt-BR\"}]}<\/script>\n<!-- \/ Yoast SEO plugin. -->","yoast_head_json":{"title":"Hist\u00f3ria - Presidente Honor\u00e1ria Zahng Gil-jah","description":"A vida da Presidente Honor\u00e1ria Zahng Gil-jah \u00e9 a vida de uma m\u00e3e. Seu trabalho vai al\u00e9m da Coreia para ajudar os que padecem de doen\u00e7as, desastres e pobreza em cada pa\u00eds.","robots":{"index":"index","follow":"follow","max-snippet":"max-snippet:-1","max-image-preview":"max-image-preview:large","max-video-preview":"max-video-preview:-1"},"canonical":"https:\/\/zahnggiljah.com\/pt\/history\/","og_locale":"pt_BR","og_type":"article","og_title":"Hist\u00f3ria - Presidente Honor\u00e1ria Zahng Gil-jah","og_description":"A vida da Presidente Honor\u00e1ria Zahng Gil-jah \u00e9 a vida de uma m\u00e3e. Seu trabalho vai al\u00e9m da Coreia para ajudar os que padecem de doen\u00e7as, desastres e pobreza em cada pa\u00eds.","og_url":"https:\/\/zahnggiljah.com\/pt\/history\/","og_site_name":"Presidente Honor\u00e1ria Zahng Gil-jah","article_modified_time":"2023-11-02T04:59:53+00:00","og_image":[{"width":1920,"height":900,"url":"https:\/\/zahnggiljah.com\/wp-content\/uploads\/2020\/10\/history-visual.jpg","type":"image\/jpeg"}],"twitter_card":"summary_large_image","schema":{"@context":"https:\/\/schema.org","@graph":[{"@type":"WebPage","@id":"https:\/\/zahnggiljah.com\/pt\/history\/","url":"https:\/\/zahnggiljah.com\/pt\/history\/","name":"Hist\u00f3ria - Presidente Honor\u00e1ria Zahng Gil-jah","isPartOf":{"@id":"https:\/\/zahnggiljah.com\/pt\/#website"},"primaryImageOfPage":{"@id":"https:\/\/zahnggiljah.com\/pt\/history\/#primaryimage"},"image":{"@id":"https:\/\/zahnggiljah.com\/pt\/history\/#primaryimage"},"thumbnailUrl":"https:\/\/zahnggiljah.com\/wp-content\/uploads\/2020\/10\/history-visual.jpg","datePublished":"2020-01-22T14:13:54+00:00","dateModified":"2023-11-02T04:59:53+00:00","description":"A vida da Presidente Honor\u00e1ria Zahng Gil-jah \u00e9 a vida de uma m\u00e3e. Seu trabalho vai al\u00e9m da Coreia para ajudar os que padecem de doen\u00e7as, desastres e pobreza em cada pa\u00eds.","breadcrumb":{"@id":"https:\/\/zahnggiljah.com\/pt\/history\/#breadcrumb"},"inLanguage":"pt-BR","potentialAction":[{"@type":"ReadAction","target":["https:\/\/zahnggiljah.com\/pt\/history\/"]}]},{"@type":"ImageObject","inLanguage":"pt-BR","@id":"https:\/\/zahnggiljah.com\/pt\/history\/#primaryimage","url":"https:\/\/zahnggiljah.com\/wp-content\/uploads\/2020\/10\/history-visual.jpg","contentUrl":"https:\/\/zahnggiljah.com\/wp-content\/uploads\/2020\/10\/history-visual.jpg","width":1920,"height":900},{"@type":"BreadcrumbList","@id":"https:\/\/zahnggiljah.com\/pt\/history\/#breadcrumb","itemListElement":[{"@type":"ListItem","position":1,"name":"Home","item":"https:\/\/zahnggiljah.com\/pt\/"},{"@type":"ListItem","position":2,"name":"Hist\u00f3ria"}]},{"@type":"WebSite","@id":"https:\/\/zahnggiljah.com\/pt\/#website","url":"https:\/\/zahnggiljah.com\/pt\/","name":"\uc7a5\uae38\uc790 \uba85\uc608\ud68c\uc7a5","description":"\uacf5\uc2dd \uc6f9\uc0ac\uc774\ud2b8","potentialAction":[{"@type":"SearchAction","target":{"@type":"EntryPoint","urlTemplate":"https:\/\/zahnggiljah.com\/pt\/?s={search_term_string}"},"query-input":{"@type":"PropertyValueSpecification","valueRequired":true,"valueName":"search_term_string"}}],"inLanguage":"pt-BR"}]}},"_links":{"self":[{"href":"https:\/\/zahnggiljah.com\/pt\/wp-json\/wp\/v2\/pages\/5828","targetHints":{"allow":["GET"]}}],"collection":[{"href":"https:\/\/zahnggiljah.com\/pt\/wp-json\/wp\/v2\/pages"}],"about":[{"href":"https:\/\/zahnggiljah.com\/pt\/wp-json\/wp\/v2\/types\/page"}],"author":[{"embeddable":true,"href":"https:\/\/zahnggiljah.com\/pt\/wp-json\/wp\/v2\/users\/12"}],"replies":[{"embeddable":true,"href":"https:\/\/zahnggiljah.com\/pt\/wp-json\/wp\/v2\/comments?post=5828"}],"version-history":[{"count":2,"href":"https:\/\/zahnggiljah.com\/pt\/wp-json\/wp\/v2\/pages\/5828\/revisions"}],"predecessor-version":[{"id":6373,"href":"https:\/\/zahnggiljah.com\/pt\/wp-json\/wp\/v2\/pages\/5828\/revisions\/6373"}],"up":[{"embeddable":true,"href":"https:\/\/zahnggiljah.com\/pt\/wp-json\/wp\/v2\/pages\/6376"}],"wp:featuredmedia":[{"embeddable":true,"href":"https:\/\/zahnggiljah.com\/pt\/wp-json\/wp\/v2\/media\/5829"}],"wp:attachment":[{"href":"https:\/\/zahnggiljah.com\/pt\/wp-json\/wp\/v2\/media?parent=5828"}],"curies":[{"name":"wp","href":"https:\/\/api.w.org\/{rel}","templated":true}]}}