{"id":5824,"date":"2020-01-22T01:47:19","date_gmt":"2020-01-21T16:47:19","guid":{"rendered":"https:\/\/zahnggiljah.com\/about\/"},"modified":"2023-10-23T16:34:08","modified_gmt":"2023-10-23T07:34:08","slug":"about","status":"publish","type":"page","link":"https:\/\/zahnggiljah.com\/pt\/about\/","title":{"rendered":"Introdu\u00e7\u00e3o"},"content":{"rendered":"","protected":false},"excerpt":{"rendered":"","protected":false},"author":12,"featured_media":5825,"parent":6376,"menu_order":1,"comment_status":"closed","ping_status":"closed","template":"","meta":{"footnotes":""},"class_list":["post-5824","page","type-page","status-publish","has-post-thumbnail","hentry"],"yoast_head":"<!-- This site is optimized with the Yoast SEO plugin v25.1 - https:\/\/yoast.com\/wordpress\/plugins\/seo\/ -->\n<title>Introdu\u00e7\u00e3o - Presidente Honor\u00e1ria Zahng Gil-jah<\/title>\n<meta name=\"description\" content=\"A fundadora e Presidente Honor\u00e1ria da Funda\u00e7\u00e3o Internacional WeLoveU, Zahng Gil-jah, \u00e9 uma ativista humanit\u00e1ria que se esfor\u00e7a pela paz e bem-estar da humanidade com o cora\u00e7\u00e3o de uma m\u00e3e.\" \/>\n<meta name=\"robots\" content=\"index, follow, max-snippet:-1, max-image-preview:large, max-video-preview:-1\" \/>\n<link rel=\"canonical\" href=\"https:\/\/zahnggiljah.com\/pt\/about\/\" \/>\n<meta property=\"og:locale\" content=\"pt_BR\" \/>\n<meta property=\"og:type\" content=\"article\" \/>\n<meta property=\"og:title\" content=\"Introdu\u00e7\u00e3o - Presidente Honor\u00e1ria Zahng Gil-jah\" \/>\n<meta property=\"og:description\" content=\"A fundadora e Presidente Honor\u00e1ria da Funda\u00e7\u00e3o Internacional WeLoveU, Zahng Gil-jah, \u00e9 uma ativista humanit\u00e1ria que se esfor\u00e7a pela paz e bem-estar da humanidade com o cora\u00e7\u00e3o de uma m\u00e3e.\" \/>\n<meta property=\"og:url\" content=\"https:\/\/zahnggiljah.com\/pt\/about\/\" \/>\n<meta property=\"og:site_name\" content=\"Presidente Honor\u00e1ria Zahng Gil-jah\" \/>\n<meta property=\"article:modified_time\" content=\"2023-10-23T07:34:08+00:00\" \/>\n<meta property=\"og:image\" content=\"https:\/\/zahnggiljah.com\/wp-content\/uploads\/2020\/10\/Zahng-Gil-jah-chairwoman.jpg\" \/>\n\t<meta property=\"og:image:width\" content=\"1032\" \/>\n\t<meta property=\"og:image:height\" content=\"1256\" \/>\n\t<meta property=\"og:image:type\" content=\"image\/jpeg\" \/>\n<meta name=\"twitter:card\" content=\"summary_large_image\" \/>\n<script type=\"application\/ld+json\" class=\"yoast-schema-graph\">{\"@context\":\"https:\/\/schema.org\",\"@graph\":[{\"@type\":\"WebPage\",\"@id\":\"https:\/\/zahnggiljah.com\/pt\/about\/\",\"url\":\"https:\/\/zahnggiljah.com\/pt\/about\/\",\"name\":\"Introdu\u00e7\u00e3o - Presidente Honor\u00e1ria Zahng Gil-jah\",\"isPartOf\":{\"@id\":\"https:\/\/zahnggiljah.com\/pt\/#website\"},\"primaryImageOfPage\":{\"@id\":\"https:\/\/zahnggiljah.com\/pt\/about\/#primaryimage\"},\"image\":{\"@id\":\"https:\/\/zahnggiljah.com\/pt\/about\/#primaryimage\"},\"thumbnailUrl\":\"https:\/\/zahnggiljah.com\/wp-content\/uploads\/2020\/10\/Zahng-Gil-jah-chairwoman.jpg\",\"datePublished\":\"2020-01-21T16:47:19+00:00\",\"dateModified\":\"2023-10-23T07:34:08+00:00\",\"description\":\"A fundadora e Presidente Honor\u00e1ria da Funda\u00e7\u00e3o Internacional WeLoveU, Zahng Gil-jah, \u00e9 uma ativista humanit\u00e1ria que se esfor\u00e7a pela paz e bem-estar da humanidade com o cora\u00e7\u00e3o de uma m\u00e3e.\",\"breadcrumb\":{\"@id\":\"https:\/\/zahnggiljah.com\/pt\/about\/#breadcrumb\"},\"inLanguage\":\"pt-BR\",\"potentialAction\":[{\"@type\":\"ReadAction\",\"target\":[\"https:\/\/zahnggiljah.com\/pt\/about\/\"]}]},{\"@type\":\"ImageObject\",\"inLanguage\":\"pt-BR\",\"@id\":\"https:\/\/zahnggiljah.com\/pt\/about\/#primaryimage\",\"url\":\"https:\/\/zahnggiljah.com\/wp-content\/uploads\/2020\/10\/Zahng-Gil-jah-chairwoman.jpg\",\"contentUrl\":\"https:\/\/zahnggiljah.com\/wp-content\/uploads\/2020\/10\/Zahng-Gil-jah-chairwoman.jpg\",\"width\":1032,\"height\":1256,\"caption\":\"\uc7a5\uae38\uc790 \uba85\uc608\ud68c\uc7a5\"},{\"@type\":\"BreadcrumbList\",\"@id\":\"https:\/\/zahnggiljah.com\/pt\/about\/#breadcrumb\",\"itemListElement\":[{\"@type\":\"ListItem\",\"position\":1,\"name\":\"Home\",\"item\":\"https:\/\/zahnggiljah.com\/pt\/\"},{\"@type\":\"ListItem\",\"position\":2,\"name\":\"Introdu\u00e7\u00e3o\"}]},{\"@type\":\"WebSite\",\"@id\":\"https:\/\/zahnggiljah.com\/pt\/#website\",\"url\":\"https:\/\/zahnggiljah.com\/pt\/\",\"name\":\"\uc7a5\uae38\uc790 \uba85\uc608\ud68c\uc7a5\",\"description\":\"\uacf5\uc2dd \uc6f9\uc0ac\uc774\ud2b8\",\"potentialAction\":[{\"@type\":\"SearchAction\",\"target\":{\"@type\":\"EntryPoint\",\"urlTemplate\":\"https:\/\/zahnggiljah.com\/pt\/?s={search_term_string}\"},\"query-input\":{\"@type\":\"PropertyValueSpecification\",\"valueRequired\":true,\"valueName\":\"search_term_string\"}}],\"inLanguage\":\"pt-BR\"}]}<\/script>\n<!-- \/ Yoast SEO plugin. -->","yoast_head_json":{"title":"Introdu\u00e7\u00e3o - Presidente Honor\u00e1ria Zahng Gil-jah","description":"A fundadora e Presidente Honor\u00e1ria da Funda\u00e7\u00e3o Internacional WeLoveU, Zahng Gil-jah, \u00e9 uma ativista humanit\u00e1ria que se esfor\u00e7a pela paz e bem-estar da humanidade com o cora\u00e7\u00e3o de uma m\u00e3e.","robots":{"index":"index","follow":"follow","max-snippet":"max-snippet:-1","max-image-preview":"max-image-preview:large","max-video-preview":"max-video-preview:-1"},"canonical":"https:\/\/zahnggiljah.com\/pt\/about\/","og_locale":"pt_BR","og_type":"article","og_title":"Introdu\u00e7\u00e3o - Presidente Honor\u00e1ria Zahng Gil-jah","og_description":"A fundadora e Presidente Honor\u00e1ria da Funda\u00e7\u00e3o Internacional WeLoveU, Zahng Gil-jah, \u00e9 uma ativista humanit\u00e1ria que se esfor\u00e7a pela paz e bem-estar da humanidade com o cora\u00e7\u00e3o de uma m\u00e3e.","og_url":"https:\/\/zahnggiljah.com\/pt\/about\/","og_site_name":"Presidente Honor\u00e1ria Zahng Gil-jah","article_modified_time":"2023-10-23T07:34:08+00:00","og_image":[{"width":1032,"height":1256,"url":"https:\/\/zahnggiljah.com\/wp-content\/uploads\/2020\/10\/Zahng-Gil-jah-chairwoman.jpg","type":"image\/jpeg"}],"twitter_card":"summary_large_image","schema":{"@context":"https:\/\/schema.org","@graph":[{"@type":"WebPage","@id":"https:\/\/zahnggiljah.com\/pt\/about\/","url":"https:\/\/zahnggiljah.com\/pt\/about\/","name":"Introdu\u00e7\u00e3o - Presidente Honor\u00e1ria Zahng Gil-jah","isPartOf":{"@id":"https:\/\/zahnggiljah.com\/pt\/#website"},"primaryImageOfPage":{"@id":"https:\/\/zahnggiljah.com\/pt\/about\/#primaryimage"},"image":{"@id":"https:\/\/zahnggiljah.com\/pt\/about\/#primaryimage"},"thumbnailUrl":"https:\/\/zahnggiljah.com\/wp-content\/uploads\/2020\/10\/Zahng-Gil-jah-chairwoman.jpg","datePublished":"2020-01-21T16:47:19+00:00","dateModified":"2023-10-23T07:34:08+00:00","description":"A fundadora e Presidente Honor\u00e1ria da Funda\u00e7\u00e3o Internacional WeLoveU, Zahng Gil-jah, \u00e9 uma ativista humanit\u00e1ria que se esfor\u00e7a pela paz e bem-estar da humanidade com o cora\u00e7\u00e3o de uma m\u00e3e.","breadcrumb":{"@id":"https:\/\/zahnggiljah.com\/pt\/about\/#breadcrumb"},"inLanguage":"pt-BR","potentialAction":[{"@type":"ReadAction","target":["https:\/\/zahnggiljah.com\/pt\/about\/"]}]},{"@type":"ImageObject","inLanguage":"pt-BR","@id":"https:\/\/zahnggiljah.com\/pt\/about\/#primaryimage","url":"https:\/\/zahnggiljah.com\/wp-content\/uploads\/2020\/10\/Zahng-Gil-jah-chairwoman.jpg","contentUrl":"https:\/\/zahnggiljah.com\/wp-content\/uploads\/2020\/10\/Zahng-Gil-jah-chairwoman.jpg","width":1032,"height":1256,"caption":"\uc7a5\uae38\uc790 \uba85\uc608\ud68c\uc7a5"},{"@type":"BreadcrumbList","@id":"https:\/\/zahnggiljah.com\/pt\/about\/#breadcrumb","itemListElement":[{"@type":"ListItem","position":1,"name":"Home","item":"https:\/\/zahnggiljah.com\/pt\/"},{"@type":"ListItem","position":2,"name":"Introdu\u00e7\u00e3o"}]},{"@type":"WebSite","@id":"https:\/\/zahnggiljah.com\/pt\/#website","url":"https:\/\/zahnggiljah.com\/pt\/","name":"\uc7a5\uae38\uc790 \uba85\uc608\ud68c\uc7a5","description":"\uacf5\uc2dd \uc6f9\uc0ac\uc774\ud2b8","potentialAction":[{"@type":"SearchAction","target":{"@type":"EntryPoint","urlTemplate":"https:\/\/zahnggiljah.com\/pt\/?s={search_term_string}"},"query-input":{"@type":"PropertyValueSpecification","valueRequired":true,"valueName":"search_term_string"}}],"inLanguage":"pt-BR"}]}},"_links":{"self":[{"href":"https:\/\/zahnggiljah.com\/pt\/wp-json\/wp\/v2\/pages\/5824","targetHints":{"allow":["GET"]}}],"collection":[{"href":"https:\/\/zahnggiljah.com\/pt\/wp-json\/wp\/v2\/pages"}],"about":[{"href":"https:\/\/zahnggiljah.com\/pt\/wp-json\/wp\/v2\/types\/page"}],"author":[{"embeddable":true,"href":"https:\/\/zahnggiljah.com\/pt\/wp-json\/wp\/v2\/users\/12"}],"replies":[{"embeddable":true,"href":"https:\/\/zahnggiljah.com\/pt\/wp-json\/wp\/v2\/comments?post=5824"}],"version-history":[{"count":1,"href":"https:\/\/zahnggiljah.com\/pt\/wp-json\/wp\/v2\/pages\/5824\/revisions"}],"predecessor-version":[{"id":5850,"href":"https:\/\/zahnggiljah.com\/pt\/wp-json\/wp\/v2\/pages\/5824\/revisions\/5850"}],"up":[{"embeddable":true,"href":"https:\/\/zahnggiljah.com\/pt\/wp-json\/wp\/v2\/pages\/6376"}],"wp:featuredmedia":[{"embeddable":true,"href":"https:\/\/zahnggiljah.com\/pt\/wp-json\/wp\/v2\/media\/5825"}],"wp:attachment":[{"href":"https:\/\/zahnggiljah.com\/pt\/wp-json\/wp\/v2\/media?parent=5824"}],"curies":[{"name":"wp","href":"https:\/\/api.w.org\/{rel}","templated":true}]}}