{"id":6797,"date":"2020-01-22T01:47:19","date_gmt":"2020-01-21T16:47:19","guid":{"rendered":"https:\/\/zahnggiljah.com\/about\/"},"modified":"2024-06-11T16:05:37","modified_gmt":"2024-06-11T07:05:37","slug":"about","status":"publish","type":"page","link":"https:\/\/zahnggiljah.com\/de\/about\/","title":{"rendered":"\u00dcber uns"},"content":{"rendered":"","protected":false},"excerpt":{"rendered":"","protected":false},"author":12,"featured_media":6798,"parent":0,"menu_order":1,"comment_status":"closed","ping_status":"closed","template":"","meta":{"footnotes":""},"class_list":["post-6797","page","type-page","status-publish","has-post-thumbnail","hentry"],"yoast_head":"<!-- This site is optimized with the Yoast SEO plugin v25.1 - https:\/\/yoast.com\/wordpress\/plugins\/seo\/ -->\n<title>\u00dcber uns - Ehrenvorsitzende Zahng Gil-jah<\/title>\n<meta name=\"description\" content=\"Zahng Gil-jah, die Gr\u00fcnderin und Ehrenvorsitzende der Internationalen WeLoveU-Stiftung, ist eine humanit\u00e4re Aktivistin, sich mit dem Herzen einer Mutter f\u00fcr den Frieden und das Wohlergehen der Menschheit einsetzt.\" \/>\n<meta name=\"robots\" content=\"index, follow, max-snippet:-1, max-image-preview:large, max-video-preview:-1\" \/>\n<link rel=\"canonical\" href=\"https:\/\/zahnggiljah.com\/de\/about\/\" \/>\n<meta property=\"og:locale\" content=\"de_DE\" \/>\n<meta property=\"og:type\" content=\"article\" \/>\n<meta property=\"og:title\" content=\"\u00dcber uns - Ehrenvorsitzende Zahng Gil-jah\" \/>\n<meta property=\"og:description\" content=\"Zahng Gil-jah, die Gr\u00fcnderin und Ehrenvorsitzende der Internationalen WeLoveU-Stiftung, ist eine humanit\u00e4re Aktivistin, sich mit dem Herzen einer Mutter f\u00fcr den Frieden und das Wohlergehen der Menschheit einsetzt.\" \/>\n<meta property=\"og:url\" content=\"https:\/\/zahnggiljah.com\/de\/about\/\" \/>\n<meta property=\"og:site_name\" content=\"Ehrenvorsitzende Zahng Gil-jah\" \/>\n<meta property=\"article:modified_time\" content=\"2024-06-11T07:05:37+00:00\" \/>\n<meta property=\"og:image\" content=\"https:\/\/zahnggiljah.com\/wp-content\/uploads\/2020\/10\/Zahng-Gil-jah-chairwoman.jpg\" \/>\n\t<meta property=\"og:image:width\" content=\"1032\" \/>\n\t<meta property=\"og:image:height\" content=\"1256\" \/>\n\t<meta property=\"og:image:type\" content=\"image\/jpeg\" \/>\n<meta name=\"twitter:card\" content=\"summary_large_image\" \/>\n<script type=\"application\/ld+json\" class=\"yoast-schema-graph\">{\"@context\":\"https:\/\/schema.org\",\"@graph\":[{\"@type\":\"WebPage\",\"@id\":\"https:\/\/zahnggiljah.com\/de\/about\/\",\"url\":\"https:\/\/zahnggiljah.com\/de\/about\/\",\"name\":\"\u00dcber uns - Ehrenvorsitzende Zahng Gil-jah\",\"isPartOf\":{\"@id\":\"https:\/\/zahnggiljah.com\/de\/#website\"},\"primaryImageOfPage\":{\"@id\":\"https:\/\/zahnggiljah.com\/de\/about\/#primaryimage\"},\"image\":{\"@id\":\"https:\/\/zahnggiljah.com\/de\/about\/#primaryimage\"},\"thumbnailUrl\":\"https:\/\/zahnggiljah.com\/wp-content\/uploads\/2020\/10\/Zahng-Gil-jah-chairwoman.jpg\",\"datePublished\":\"2020-01-21T16:47:19+00:00\",\"dateModified\":\"2024-06-11T07:05:37+00:00\",\"description\":\"Zahng Gil-jah, die Gr\u00fcnderin und Ehrenvorsitzende der Internationalen WeLoveU-Stiftung, ist eine humanit\u00e4re Aktivistin, sich mit dem Herzen einer Mutter f\u00fcr den Frieden und das Wohlergehen der Menschheit einsetzt.\",\"breadcrumb\":{\"@id\":\"https:\/\/zahnggiljah.com\/de\/about\/#breadcrumb\"},\"inLanguage\":\"de\",\"potentialAction\":[{\"@type\":\"ReadAction\",\"target\":[\"https:\/\/zahnggiljah.com\/de\/about\/\"]}]},{\"@type\":\"ImageObject\",\"inLanguage\":\"de\",\"@id\":\"https:\/\/zahnggiljah.com\/de\/about\/#primaryimage\",\"url\":\"https:\/\/zahnggiljah.com\/wp-content\/uploads\/2020\/10\/Zahng-Gil-jah-chairwoman.jpg\",\"contentUrl\":\"https:\/\/zahnggiljah.com\/wp-content\/uploads\/2020\/10\/Zahng-Gil-jah-chairwoman.jpg\",\"width\":1032,\"height\":1256,\"caption\":\"\uc7a5\uae38\uc790 \uba85\uc608\ud68c\uc7a5\"},{\"@type\":\"BreadcrumbList\",\"@id\":\"https:\/\/zahnggiljah.com\/de\/about\/#breadcrumb\",\"itemListElement\":[{\"@type\":\"ListItem\",\"position\":1,\"name\":\"Home\",\"item\":\"https:\/\/zahnggiljah.com\/de\/\"},{\"@type\":\"ListItem\",\"position\":2,\"name\":\"\u00dcber uns\"}]},{\"@type\":\"WebSite\",\"@id\":\"https:\/\/zahnggiljah.com\/de\/#website\",\"url\":\"https:\/\/zahnggiljah.com\/de\/\",\"name\":\"\uc7a5\uae38\uc790 \uba85\uc608\ud68c\uc7a5\",\"description\":\"\uacf5\uc2dd \uc6f9\uc0ac\uc774\ud2b8\",\"potentialAction\":[{\"@type\":\"SearchAction\",\"target\":{\"@type\":\"EntryPoint\",\"urlTemplate\":\"https:\/\/zahnggiljah.com\/de\/?s={search_term_string}\"},\"query-input\":{\"@type\":\"PropertyValueSpecification\",\"valueRequired\":true,\"valueName\":\"search_term_string\"}}],\"inLanguage\":\"de\"}]}<\/script>\n<!-- \/ Yoast SEO plugin. -->","yoast_head_json":{"title":"\u00dcber uns - Ehrenvorsitzende Zahng Gil-jah","description":"Zahng Gil-jah, die Gr\u00fcnderin und Ehrenvorsitzende der Internationalen WeLoveU-Stiftung, ist eine humanit\u00e4re Aktivistin, sich mit dem Herzen einer Mutter f\u00fcr den Frieden und das Wohlergehen der Menschheit einsetzt.","robots":{"index":"index","follow":"follow","max-snippet":"max-snippet:-1","max-image-preview":"max-image-preview:large","max-video-preview":"max-video-preview:-1"},"canonical":"https:\/\/zahnggiljah.com\/de\/about\/","og_locale":"de_DE","og_type":"article","og_title":"\u00dcber uns - Ehrenvorsitzende Zahng Gil-jah","og_description":"Zahng Gil-jah, die Gr\u00fcnderin und Ehrenvorsitzende der Internationalen WeLoveU-Stiftung, ist eine humanit\u00e4re Aktivistin, sich mit dem Herzen einer Mutter f\u00fcr den Frieden und das Wohlergehen der Menschheit einsetzt.","og_url":"https:\/\/zahnggiljah.com\/de\/about\/","og_site_name":"Ehrenvorsitzende Zahng Gil-jah","article_modified_time":"2024-06-11T07:05:37+00:00","og_image":[{"width":1032,"height":1256,"url":"https:\/\/zahnggiljah.com\/wp-content\/uploads\/2020\/10\/Zahng-Gil-jah-chairwoman.jpg","type":"image\/jpeg"}],"twitter_card":"summary_large_image","schema":{"@context":"https:\/\/schema.org","@graph":[{"@type":"WebPage","@id":"https:\/\/zahnggiljah.com\/de\/about\/","url":"https:\/\/zahnggiljah.com\/de\/about\/","name":"\u00dcber uns - Ehrenvorsitzende Zahng Gil-jah","isPartOf":{"@id":"https:\/\/zahnggiljah.com\/de\/#website"},"primaryImageOfPage":{"@id":"https:\/\/zahnggiljah.com\/de\/about\/#primaryimage"},"image":{"@id":"https:\/\/zahnggiljah.com\/de\/about\/#primaryimage"},"thumbnailUrl":"https:\/\/zahnggiljah.com\/wp-content\/uploads\/2020\/10\/Zahng-Gil-jah-chairwoman.jpg","datePublished":"2020-01-21T16:47:19+00:00","dateModified":"2024-06-11T07:05:37+00:00","description":"Zahng Gil-jah, die Gr\u00fcnderin und Ehrenvorsitzende der Internationalen WeLoveU-Stiftung, ist eine humanit\u00e4re Aktivistin, sich mit dem Herzen einer Mutter f\u00fcr den Frieden und das Wohlergehen der Menschheit einsetzt.","breadcrumb":{"@id":"https:\/\/zahnggiljah.com\/de\/about\/#breadcrumb"},"inLanguage":"de","potentialAction":[{"@type":"ReadAction","target":["https:\/\/zahnggiljah.com\/de\/about\/"]}]},{"@type":"ImageObject","inLanguage":"de","@id":"https:\/\/zahnggiljah.com\/de\/about\/#primaryimage","url":"https:\/\/zahnggiljah.com\/wp-content\/uploads\/2020\/10\/Zahng-Gil-jah-chairwoman.jpg","contentUrl":"https:\/\/zahnggiljah.com\/wp-content\/uploads\/2020\/10\/Zahng-Gil-jah-chairwoman.jpg","width":1032,"height":1256,"caption":"\uc7a5\uae38\uc790 \uba85\uc608\ud68c\uc7a5"},{"@type":"BreadcrumbList","@id":"https:\/\/zahnggiljah.com\/de\/about\/#breadcrumb","itemListElement":[{"@type":"ListItem","position":1,"name":"Home","item":"https:\/\/zahnggiljah.com\/de\/"},{"@type":"ListItem","position":2,"name":"\u00dcber uns"}]},{"@type":"WebSite","@id":"https:\/\/zahnggiljah.com\/de\/#website","url":"https:\/\/zahnggiljah.com\/de\/","name":"\uc7a5\uae38\uc790 \uba85\uc608\ud68c\uc7a5","description":"\uacf5\uc2dd \uc6f9\uc0ac\uc774\ud2b8","potentialAction":[{"@type":"SearchAction","target":{"@type":"EntryPoint","urlTemplate":"https:\/\/zahnggiljah.com\/de\/?s={search_term_string}"},"query-input":{"@type":"PropertyValueSpecification","valueRequired":true,"valueName":"search_term_string"}}],"inLanguage":"de"}]}},"_links":{"self":[{"href":"https:\/\/zahnggiljah.com\/de\/wp-json\/wp\/v2\/pages\/6797","targetHints":{"allow":["GET"]}}],"collection":[{"href":"https:\/\/zahnggiljah.com\/de\/wp-json\/wp\/v2\/pages"}],"about":[{"href":"https:\/\/zahnggiljah.com\/de\/wp-json\/wp\/v2\/types\/page"}],"author":[{"embeddable":true,"href":"https:\/\/zahnggiljah.com\/de\/wp-json\/wp\/v2\/users\/12"}],"replies":[{"embeddable":true,"href":"https:\/\/zahnggiljah.com\/de\/wp-json\/wp\/v2\/comments?post=6797"}],"version-history":[{"count":2,"href":"https:\/\/zahnggiljah.com\/de\/wp-json\/wp\/v2\/pages\/6797\/revisions"}],"predecessor-version":[{"id":6824,"href":"https:\/\/zahnggiljah.com\/de\/wp-json\/wp\/v2\/pages\/6797\/revisions\/6824"}],"wp:featuredmedia":[{"embeddable":true,"href":"https:\/\/zahnggiljah.com\/de\/wp-json\/wp\/v2\/media\/6798"}],"wp:attachment":[{"href":"https:\/\/zahnggiljah.com\/de\/wp-json\/wp\/v2\/media?parent=6797"}],"curies":[{"name":"wp","href":"https:\/\/api.w.org\/{rel}","templated":true}]}}