{"id":6793,"date":"2020-01-22T01:48:09","date_gmt":"2020-01-21T16:48:09","guid":{"rendered":"https:\/\/zahnggiljah.com\/project\/"},"modified":"2024-06-19T09:43:35","modified_gmt":"2024-06-19T00:43:35","slug":"project","status":"publish","type":"page","link":"https:\/\/zahnggiljah.com\/de\/project\/","title":{"rendered":"Projekte"},"content":{"rendered":"","protected":false},"excerpt":{"rendered":"","protected":false},"author":12,"featured_media":6794,"parent":0,"menu_order":0,"comment_status":"closed","ping_status":"closed","template":"","meta":{"footnotes":""},"class_list":["post-6793","page","type-page","status-publish","has-post-thumbnail","hentry"],"yoast_head":"<!-- This site is optimized with the Yoast SEO plugin v25.1 - https:\/\/yoast.com\/wordpress\/plugins\/seo\/ -->\n<title>Projekte - Ehrenvorsitzende Zahng Gil-jah<\/title>\n<meta name=\"description\" content=\"Mit dem Herzen einer Mutter, die alle Menschen als Teil einer gro\u00dfen Familie betrachtet, die in einem \u201eglobalen Dorf\u201c lebt, setzt sich die Ehrenvorsitzende Zahng Gil-jah f\u00fcr den Schutz der Frauenrechte, die Schaffung einer Gesellschaft ohne Diskriminierungen der Schw\u00e4chsten, die F\u00f6rderung der Bildung k\u00fcnftiger Generationen, die Bew\u00e4ltigung des Klimawandels und den Schutz der globalen Umwelt sowie f\u00fcr internationalen Frieden ohne Kriege ein.\" \/>\n<meta name=\"robots\" content=\"index, follow, max-snippet:-1, max-image-preview:large, max-video-preview:-1\" \/>\n<link rel=\"canonical\" href=\"https:\/\/zahnggiljah.com\/de\/project\/\" \/>\n<meta property=\"og:locale\" content=\"de_DE\" \/>\n<meta property=\"og:type\" content=\"article\" \/>\n<meta property=\"og:title\" content=\"Projekte - Ehrenvorsitzende Zahng Gil-jah\" \/>\n<meta property=\"og:description\" content=\"Mit dem Herzen einer Mutter, die alle Menschen als Teil einer gro\u00dfen Familie betrachtet, die in einem \u201eglobalen Dorf\u201c lebt, setzt sich die Ehrenvorsitzende Zahng Gil-jah f\u00fcr den Schutz der Frauenrechte, die Schaffung einer Gesellschaft ohne Diskriminierungen der Schw\u00e4chsten, die F\u00f6rderung der Bildung k\u00fcnftiger Generationen, die Bew\u00e4ltigung des Klimawandels und den Schutz der globalen Umwelt sowie f\u00fcr internationalen Frieden ohne Kriege ein.\" \/>\n<meta property=\"og:url\" content=\"https:\/\/zahnggiljah.com\/de\/project\/\" \/>\n<meta property=\"og:site_name\" content=\"Ehrenvorsitzende Zahng Gil-jah\" \/>\n<meta property=\"article:modified_time\" content=\"2024-06-19T00:43:35+00:00\" \/>\n<meta property=\"og:image\" content=\"https:\/\/zahnggiljah.com\/wp-content\/uploads\/2020\/10\/project-visual.jpg\" \/>\n\t<meta property=\"og:image:width\" content=\"1920\" \/>\n\t<meta property=\"og:image:height\" content=\"1120\" \/>\n\t<meta property=\"og:image:type\" content=\"image\/jpeg\" \/>\n<meta name=\"twitter:card\" content=\"summary_large_image\" \/>\n<script type=\"application\/ld+json\" class=\"yoast-schema-graph\">{\"@context\":\"https:\/\/schema.org\",\"@graph\":[{\"@type\":\"WebPage\",\"@id\":\"https:\/\/zahnggiljah.com\/de\/project\/\",\"url\":\"https:\/\/zahnggiljah.com\/de\/project\/\",\"name\":\"Projekte - Ehrenvorsitzende Zahng Gil-jah\",\"isPartOf\":{\"@id\":\"https:\/\/zahnggiljah.com\/de\/#website\"},\"primaryImageOfPage\":{\"@id\":\"https:\/\/zahnggiljah.com\/de\/project\/#primaryimage\"},\"image\":{\"@id\":\"https:\/\/zahnggiljah.com\/de\/project\/#primaryimage\"},\"thumbnailUrl\":\"https:\/\/zahnggiljah.com\/wp-content\/uploads\/2020\/10\/project-visual.jpg\",\"datePublished\":\"2020-01-21T16:48:09+00:00\",\"dateModified\":\"2024-06-19T00:43:35+00:00\",\"description\":\"Mit dem Herzen einer Mutter, die alle Menschen als Teil einer gro\u00dfen Familie betrachtet, die in einem \u201eglobalen Dorf\u201c lebt, setzt sich die Ehrenvorsitzende Zahng Gil-jah f\u00fcr den Schutz der Frauenrechte, die Schaffung einer Gesellschaft ohne Diskriminierungen der Schw\u00e4chsten, die F\u00f6rderung der Bildung k\u00fcnftiger Generationen, die Bew\u00e4ltigung des Klimawandels und den Schutz der globalen Umwelt sowie f\u00fcr internationalen Frieden ohne Kriege ein.\",\"breadcrumb\":{\"@id\":\"https:\/\/zahnggiljah.com\/de\/project\/#breadcrumb\"},\"inLanguage\":\"de\",\"potentialAction\":[{\"@type\":\"ReadAction\",\"target\":[\"https:\/\/zahnggiljah.com\/de\/project\/\"]}]},{\"@type\":\"ImageObject\",\"inLanguage\":\"de\",\"@id\":\"https:\/\/zahnggiljah.com\/de\/project\/#primaryimage\",\"url\":\"https:\/\/zahnggiljah.com\/wp-content\/uploads\/2020\/10\/project-visual.jpg\",\"contentUrl\":\"https:\/\/zahnggiljah.com\/wp-content\/uploads\/2020\/10\/project-visual.jpg\",\"width\":1920,\"height\":1120},{\"@type\":\"BreadcrumbList\",\"@id\":\"https:\/\/zahnggiljah.com\/de\/project\/#breadcrumb\",\"itemListElement\":[{\"@type\":\"ListItem\",\"position\":1,\"name\":\"Home\",\"item\":\"https:\/\/zahnggiljah.com\/de\/\"},{\"@type\":\"ListItem\",\"position\":2,\"name\":\"Projekte\"}]},{\"@type\":\"WebSite\",\"@id\":\"https:\/\/zahnggiljah.com\/de\/#website\",\"url\":\"https:\/\/zahnggiljah.com\/de\/\",\"name\":\"\uc7a5\uae38\uc790 \uba85\uc608\ud68c\uc7a5\",\"description\":\"\uacf5\uc2dd \uc6f9\uc0ac\uc774\ud2b8\",\"potentialAction\":[{\"@type\":\"SearchAction\",\"target\":{\"@type\":\"EntryPoint\",\"urlTemplate\":\"https:\/\/zahnggiljah.com\/de\/?s={search_term_string}\"},\"query-input\":{\"@type\":\"PropertyValueSpecification\",\"valueRequired\":true,\"valueName\":\"search_term_string\"}}],\"inLanguage\":\"de\"}]}<\/script>\n<!-- \/ Yoast SEO plugin. -->","yoast_head_json":{"title":"Projekte - Ehrenvorsitzende Zahng Gil-jah","description":"Mit dem Herzen einer Mutter, die alle Menschen als Teil einer gro\u00dfen Familie betrachtet, die in einem \u201eglobalen Dorf\u201c lebt, setzt sich die Ehrenvorsitzende Zahng Gil-jah f\u00fcr den Schutz der Frauenrechte, die Schaffung einer Gesellschaft ohne Diskriminierungen der Schw\u00e4chsten, die F\u00f6rderung der Bildung k\u00fcnftiger Generationen, die Bew\u00e4ltigung des Klimawandels und den Schutz der globalen Umwelt sowie f\u00fcr internationalen Frieden ohne Kriege ein.","robots":{"index":"index","follow":"follow","max-snippet":"max-snippet:-1","max-image-preview":"max-image-preview:large","max-video-preview":"max-video-preview:-1"},"canonical":"https:\/\/zahnggiljah.com\/de\/project\/","og_locale":"de_DE","og_type":"article","og_title":"Projekte - Ehrenvorsitzende Zahng Gil-jah","og_description":"Mit dem Herzen einer Mutter, die alle Menschen als Teil einer gro\u00dfen Familie betrachtet, die in einem \u201eglobalen Dorf\u201c lebt, setzt sich die Ehrenvorsitzende Zahng Gil-jah f\u00fcr den Schutz der Frauenrechte, die Schaffung einer Gesellschaft ohne Diskriminierungen der Schw\u00e4chsten, die F\u00f6rderung der Bildung k\u00fcnftiger Generationen, die Bew\u00e4ltigung des Klimawandels und den Schutz der globalen Umwelt sowie f\u00fcr internationalen Frieden ohne Kriege ein.","og_url":"https:\/\/zahnggiljah.com\/de\/project\/","og_site_name":"Ehrenvorsitzende Zahng Gil-jah","article_modified_time":"2024-06-19T00:43:35+00:00","og_image":[{"width":1920,"height":1120,"url":"https:\/\/zahnggiljah.com\/wp-content\/uploads\/2020\/10\/project-visual.jpg","type":"image\/jpeg"}],"twitter_card":"summary_large_image","schema":{"@context":"https:\/\/schema.org","@graph":[{"@type":"WebPage","@id":"https:\/\/zahnggiljah.com\/de\/project\/","url":"https:\/\/zahnggiljah.com\/de\/project\/","name":"Projekte - Ehrenvorsitzende Zahng Gil-jah","isPartOf":{"@id":"https:\/\/zahnggiljah.com\/de\/#website"},"primaryImageOfPage":{"@id":"https:\/\/zahnggiljah.com\/de\/project\/#primaryimage"},"image":{"@id":"https:\/\/zahnggiljah.com\/de\/project\/#primaryimage"},"thumbnailUrl":"https:\/\/zahnggiljah.com\/wp-content\/uploads\/2020\/10\/project-visual.jpg","datePublished":"2020-01-21T16:48:09+00:00","dateModified":"2024-06-19T00:43:35+00:00","description":"Mit dem Herzen einer Mutter, die alle Menschen als Teil einer gro\u00dfen Familie betrachtet, die in einem \u201eglobalen Dorf\u201c lebt, setzt sich die Ehrenvorsitzende Zahng Gil-jah f\u00fcr den Schutz der Frauenrechte, die Schaffung einer Gesellschaft ohne Diskriminierungen der Schw\u00e4chsten, die F\u00f6rderung der Bildung k\u00fcnftiger Generationen, die Bew\u00e4ltigung des Klimawandels und den Schutz der globalen Umwelt sowie f\u00fcr internationalen Frieden ohne Kriege ein.","breadcrumb":{"@id":"https:\/\/zahnggiljah.com\/de\/project\/#breadcrumb"},"inLanguage":"de","potentialAction":[{"@type":"ReadAction","target":["https:\/\/zahnggiljah.com\/de\/project\/"]}]},{"@type":"ImageObject","inLanguage":"de","@id":"https:\/\/zahnggiljah.com\/de\/project\/#primaryimage","url":"https:\/\/zahnggiljah.com\/wp-content\/uploads\/2020\/10\/project-visual.jpg","contentUrl":"https:\/\/zahnggiljah.com\/wp-content\/uploads\/2020\/10\/project-visual.jpg","width":1920,"height":1120},{"@type":"BreadcrumbList","@id":"https:\/\/zahnggiljah.com\/de\/project\/#breadcrumb","itemListElement":[{"@type":"ListItem","position":1,"name":"Home","item":"https:\/\/zahnggiljah.com\/de\/"},{"@type":"ListItem","position":2,"name":"Projekte"}]},{"@type":"WebSite","@id":"https:\/\/zahnggiljah.com\/de\/#website","url":"https:\/\/zahnggiljah.com\/de\/","name":"\uc7a5\uae38\uc790 \uba85\uc608\ud68c\uc7a5","description":"\uacf5\uc2dd \uc6f9\uc0ac\uc774\ud2b8","potentialAction":[{"@type":"SearchAction","target":{"@type":"EntryPoint","urlTemplate":"https:\/\/zahnggiljah.com\/de\/?s={search_term_string}"},"query-input":{"@type":"PropertyValueSpecification","valueRequired":true,"valueName":"search_term_string"}}],"inLanguage":"de"}]}},"_links":{"self":[{"href":"https:\/\/zahnggiljah.com\/de\/wp-json\/wp\/v2\/pages\/6793","targetHints":{"allow":["GET"]}}],"collection":[{"href":"https:\/\/zahnggiljah.com\/de\/wp-json\/wp\/v2\/pages"}],"about":[{"href":"https:\/\/zahnggiljah.com\/de\/wp-json\/wp\/v2\/types\/page"}],"author":[{"embeddable":true,"href":"https:\/\/zahnggiljah.com\/de\/wp-json\/wp\/v2\/users\/12"}],"replies":[{"embeddable":true,"href":"https:\/\/zahnggiljah.com\/de\/wp-json\/wp\/v2\/comments?post=6793"}],"version-history":[{"count":2,"href":"https:\/\/zahnggiljah.com\/de\/wp-json\/wp\/v2\/pages\/6793\/revisions"}],"predecessor-version":[{"id":7215,"href":"https:\/\/zahnggiljah.com\/de\/wp-json\/wp\/v2\/pages\/6793\/revisions\/7215"}],"wp:featuredmedia":[{"embeddable":true,"href":"https:\/\/zahnggiljah.com\/de\/wp-json\/wp\/v2\/media\/6794"}],"wp:attachment":[{"href":"https:\/\/zahnggiljah.com\/de\/wp-json\/wp\/v2\/media?parent=6793"}],"curies":[{"name":"wp","href":"https:\/\/api.w.org\/{rel}","templated":true}]}}